{"id":1007,"date":"2025-04-26T23:14:05","date_gmt":"2025-04-26T21:14:05","guid":{"rendered":"https:\/\/laser-med.com.pl\/?post_type=product&#038;p=1007"},"modified":"2025-11-24T00:42:03","modified_gmt":"2025-11-23T23:42:03","slug":"usuwanie-brodawek-wlokniakow-naczyniakow","status":"publish","type":"product","link":"https:\/\/laser-med.com.pl\/index.php\/produkt\/usuwanie-brodawek-wlokniakow-naczyniakow\/","title":{"rendered":"Usuwanie brodawek, w\u0142\u00f3kniak\u00f3w, naczyniak\u00f3w"},"content":{"rendered":"<h4 class=\"et_pb_module_header\">Efekty zabiegu usuwania zmian sk\u00f3rnych<\/h4>\n<div class=\"et_pb_blurb_description\">\n<ul>\n<li aria-level=\"1\">Precyzyjne usuni\u0119cie zmian sk\u00f3rnych bez uszkodzenia zdrowej tkanki.<\/li>\n<li aria-level=\"1\">Poprawa estetyki sk\u00f3ry.<\/li>\n<li aria-level=\"1\">Bezpieczne i szybkie usuni\u0119cie zmian bez konieczno\u015bci chirurgicznej ingerencji.<\/li>\n<li aria-level=\"1\">Minimalne ryzyko powstawania blizn.<\/li>\n<li aria-level=\"1\">Kr\u00f3tki czas gojenia i regeneracji.<\/li>\n<\/ul>\n<h4 class=\"et_pb_module_header\">Laserowe usuwanie w\u0142\u00f3kniak\u00f3w, naczyniak\u00f3w,brodawek, gruczolak\u00f3w czy \u017c\u00f3\u0142tych k\u0119pek<br \/>\n<span style=\"color: #666666; font-size: 14px;\">Laserowe usuwanie zmian sk\u00f3rnych to nowoczesna, skuteczna i bezpieczna metoda eliminacji r\u00f3\u017cnego rodzaju nieestetycznych zmian na sk\u00f3rze, takich jak w\u0142\u00f3kniaki, naczyniaki, brodawki p\u0142askie, gruczolak\u00f3w czy \u017c\u00f3\u0142tych k\u0119pek (z\u0142og\u00f3w cholesterolowych). Wykorzystujemy laser diodowy VarLite XP 532\/940 nm, kt\u00f3ry pozwala na precyzyjne dzia\u0142anie bez uszkadzania otaczaj\u0105cych tkanek.<\/span><\/h4>\n<p><a href=\"https:\/\/laser-med.com.pl\/index.php\/laserowe-usuwanie-wlokniakow-naczyniakow-brodawek-gruczolakow\/\">Wi\u0119cej o zabiegu<\/a><\/p>\n<\/div>\n","protected":false},"excerpt":{"rendered":"<p>Cena zabiegu od <strong>200<\/strong> z\u0142 do <strong>600<\/strong> z\u0142 ustalana podczas konsultacji.<\/p>\n<p>Zadzwo\u0144 <strong>790 470 580<\/strong> i um\u00f3w si\u0119 na konsultacj\u0119,<\/p>\n","protected":false},"featured_media":1666,"comment_status":"open","ping_status":"closed","template":"","meta":{"_et_pb_use_builder":"","_et_pb_old_content":"","_et_gb_content_width":""},"product_brand":[],"product_cat":[27,23],"product_tag":[53,56],"class_list":{"0":"post-1007","1":"product","2":"type-product","3":"status-publish","4":"has-post-thumbnail","6":"product_cat-zabiegi-laserowe","7":"product_cat-zabiegi-na-twarz","8":"product_tag-poprawa-elastycznosci-skory","9":"product_tag-usuniecie-zmian-skornych","11":"first","12":"instock","13":"shipping-taxable","14":"product-type-simple"},"_links":{"self":[{"href":"https:\/\/laser-med.com.pl\/index.php\/wp-json\/wp\/v2\/product\/1007","targetHints":{"allow":["GET"]}}],"collection":[{"href":"https:\/\/laser-med.com.pl\/index.php\/wp-json\/wp\/v2\/product"}],"about":[{"href":"https:\/\/laser-med.com.pl\/index.php\/wp-json\/wp\/v2\/types\/product"}],"replies":[{"embeddable":true,"href":"https:\/\/laser-med.com.pl\/index.php\/wp-json\/wp\/v2\/comments?post=1007"}],"wp:featuredmedia":[{"embeddable":true,"href":"https:\/\/laser-med.com.pl\/index.php\/wp-json\/wp\/v2\/media\/1666"}],"wp:attachment":[{"href":"https:\/\/laser-med.com.pl\/index.php\/wp-json\/wp\/v2\/media?parent=1007"}],"wp:term":[{"taxonomy":"product_brand","embeddable":true,"href":"https:\/\/laser-med.com.pl\/index.php\/wp-json\/wp\/v2\/product_brand?post=1007"},{"taxonomy":"product_cat","embeddable":true,"href":"https:\/\/laser-med.com.pl\/index.php\/wp-json\/wp\/v2\/product_cat?post=1007"},{"taxonomy":"product_tag","embeddable":true,"href":"https:\/\/laser-med.com.pl\/index.php\/wp-json\/wp\/v2\/product_tag?post=1007"}],"curies":[{"name":"wp","href":"https:\/\/api.w.org\/{rel}","templated":true}]}}