{"id":1027,"date":"2025-04-27T18:23:00","date_gmt":"2025-04-27T16:23:00","guid":{"rendered":"https:\/\/laser-med.com.pl\/?post_type=product&#038;p=1027"},"modified":"2025-04-27T18:23:00","modified_gmt":"2025-04-27T16:23:00","slug":"laserowe-usuwanie-blizn-i-rozstepow","status":"publish","type":"product","link":"https:\/\/laser-med.com.pl\/index.php\/produkt\/laserowe-usuwanie-blizn-i-rozstepow\/","title":{"rendered":"Laserowe usuwanie blizn i rozst\u0119p\u00f3w"},"content":{"rendered":"<h4 class=\"et_pb_module_header\">Efekty zabiegu usuwania blizn i rozst\u0119p\u00f3w<\/h4>\n<div class=\"et_pb_blurb_description\">\n<ul>\n<li aria-level=\"1\">Widoczne sp\u0142ycenie i wyg\u0142adzenie blizn,<\/li>\n<li aria-level=\"1\">Poprawa tekstury i elastyczno\u015bci sk\u00f3ry,<\/li>\n<li aria-level=\"1\">Redukcja przebarwie\u0144 wok\u00f3\u0142 blizn,<\/li>\n<li aria-level=\"1\">Wyr\u00f3wnanie kolorytu sk\u00f3ry, rozja\u015bnienie blizny.<\/li>\n<\/ul>\n<h4 class=\"et_pb_module_header\">Laserowe usuwanie blizn i rozst\u0119p\u00f3w<br \/>\n<span style=\"color: #666666; font-size: 14px;\">to skuteczna i bezpieczna metoda redukcji r\u00f3\u017cnych rodzaj\u00f3w blizn: potr\u0105dzikowych, pourazowych, pooperacyjnych oraz rozst\u0119p\u00f3w. Zabieg opiera si\u0119 na dzia\u0142aniu lasera frakcyjnego nieablacyjnego, kt\u00f3ry stymuluje intensywn\u0105 regeneracj\u0119 sk\u00f3ry, wyg\u0142adzaj\u0105c jej struktur\u0119 i poprawiaj\u0105c jej wygl\u0105d. Dzi\u0119ki precyzyjnej technologii mo\u017cliwe jest osi\u0105gni\u0119cie znacznego sp\u0142ycenia blizn i wyr\u00f3wnania kolorytu sk\u00f3ry.<\/span><\/h4>\n<p><a href=\"https:\/\/laser-med.com.pl\/index.php\/laserowe-usuwanie-blizn\/\">Wi\u0119cej o zabiegu<\/a><\/p>\n<\/div>\n","protected":false},"excerpt":{"rendered":"<p>Efekty zabiegu usuwania blizn i rozst\u0119p\u00f3w Widoczne sp\u0142ycenie i wyg\u0142adzenie blizn, Poprawa tekstury i elastyczno\u015bci sk\u00f3ry, Redukcja przebarwie\u0144 wok\u00f3\u0142 blizn, Wyr\u00f3wnanie kolorytu sk\u00f3ry, rozja\u015bnienie blizny. Laserowe usuwanie blizn i rozst\u0119p\u00f3w to skuteczna i bezpieczna metoda redukcji r\u00f3\u017cnych rodzaj\u00f3w blizn: potr\u0105dzikowych, pourazowych, pooperacyjnych oraz rozst\u0119p\u00f3w. Zabieg opiera si\u0119 na dzia\u0142aniu lasera frakcyjnego nieablacyjnego, kt\u00f3ry stymuluje intensywn\u0105 [&hellip;]<\/p>\n","protected":false},"featured_media":1013,"comment_status":"open","ping_status":"closed","template":"","meta":{"_et_pb_use_builder":"","_et_pb_old_content":"","_et_gb_content_width":""},"product_brand":[],"product_cat":[27,23],"product_tag":[53,52,41,50],"class_list":{"0":"post-1027","1":"product","2":"type-product","3":"status-publish","4":"has-post-thumbnail","6":"product_cat-zabiegi-laserowe","7":"product_cat-zabiegi-na-twarz","8":"product_tag-poprawa-elastycznosci-skory","9":"product_tag-redukcja-blizn","10":"product_tag-wygladzajacy","11":"product_tag-zmniejszenie-porow","13":"first","14":"instock","15":"shipping-taxable","16":"purchasable","17":"product-type-variable"},"_links":{"self":[{"href":"https:\/\/laser-med.com.pl\/index.php\/wp-json\/wp\/v2\/product\/1027","targetHints":{"allow":["GET"]}}],"collection":[{"href":"https:\/\/laser-med.com.pl\/index.php\/wp-json\/wp\/v2\/product"}],"about":[{"href":"https:\/\/laser-med.com.pl\/index.php\/wp-json\/wp\/v2\/types\/product"}],"replies":[{"embeddable":true,"href":"https:\/\/laser-med.com.pl\/index.php\/wp-json\/wp\/v2\/comments?post=1027"}],"wp:featuredmedia":[{"embeddable":true,"href":"https:\/\/laser-med.com.pl\/index.php\/wp-json\/wp\/v2\/media\/1013"}],"wp:attachment":[{"href":"https:\/\/laser-med.com.pl\/index.php\/wp-json\/wp\/v2\/media?parent=1027"}],"wp:term":[{"taxonomy":"product_brand","embeddable":true,"href":"https:\/\/laser-med.com.pl\/index.php\/wp-json\/wp\/v2\/product_brand?post=1027"},{"taxonomy":"product_cat","embeddable":true,"href":"https:\/\/laser-med.com.pl\/index.php\/wp-json\/wp\/v2\/product_cat?post=1027"},{"taxonomy":"product_tag","embeddable":true,"href":"https:\/\/laser-med.com.pl\/index.php\/wp-json\/wp\/v2\/product_tag?post=1027"}],"curies":[{"name":"wp","href":"https:\/\/api.w.org\/{rel}","templated":true}]}}