{"id":1050,"date":"2025-04-27T20:11:04","date_gmt":"2025-04-27T18:11:04","guid":{"rendered":"https:\/\/laser-med.com.pl\/?post_type=product&#038;p=1050"},"modified":"2025-04-27T20:38:56","modified_gmt":"2025-04-27T18:38:56","slug":"laserowe-usuwanie-przebarwien","status":"publish","type":"product","link":"https:\/\/laser-med.com.pl\/index.php\/produkt\/laserowe-usuwanie-przebarwien\/","title":{"rendered":"Laserowe usuwanie przebarwie\u0144"},"content":{"rendered":"<h4 class=\"et_pb_module_header\">Efekty zabiegu usuwania przebarwie\u0144 sk\u00f3ry<\/h4>\n<div class=\"et_pb_blurb_description\">\n<ul>\n<li aria-level=\"1\">Widoczne rozja\u015bnienie lub ca\u0142kowite usuni\u0119cie przebarwie\u0144,<\/li>\n<li aria-level=\"1\">Ujednolicenie kolorytu sk\u00f3ry,<\/li>\n<li aria-level=\"1\">Od\u015bwie\u017cenie i roz\u015bwietlenie cery,<\/li>\n<li aria-level=\"1\">Wyg\u0142adzenie struktury sk\u00f3ry.<\/li>\n<\/ul>\n<h4 class=\"et_pb_module_header\">Laserowe usuwanie przebarwie\u0144<br \/>\n<span style=\"color: #666666; font-size: 14px;\">to skuteczna i bezpieczna metoda redukcji nieestetycznych zmian pigmentacyjnych na sk\u00f3rze. Zabieg wykorzystuje precyzyjne impulsy lasera, kt\u00f3re celuj\u0105 w nagromadzon\u0105 melanin\u0119 \u2013 barwnik odpowiedzialny za powstawanie przebarwie\u0144 \u2013 nie uszkadzaj\u0105c przy tym zdrowych tkanek.\u00a0<\/span><\/h4>\n<p><a href=\"https:\/\/laser-med.com.pl\/index.php\/laserowe-usuwanie-przebarwien\/\">Wi\u0119cej o zabiegu<\/a><\/p>\n<\/div>\n","protected":false},"excerpt":{"rendered":"<p><strong>inny obszar &#8211; wycena indywidalna<\/strong><\/p>\n","protected":false},"featured_media":1040,"comment_status":"open","ping_status":"closed","template":"","meta":{"_et_pb_use_builder":"","_et_pb_old_content":"","_et_gb_content_width":""},"product_brand":[],"product_cat":[27,23],"product_tag":[34,49,54,52,55,45],"class_list":{"0":"post-1050","1":"product","2":"type-product","3":"status-publish","4":"has-post-thumbnail","6":"product_cat-zabiegi-laserowe","7":"product_cat-zabiegi-na-twarz","8":"product_tag-pielegnacja-skory","9":"product_tag-poprawa-jedrnosci-skory","10":"product_tag-redukacja-naczynek","11":"product_tag-redukcja-blizn","12":"product_tag-redukcja-pajaczkow","13":"product_tag-zageszczenie-skory","15":"first","16":"instock","17":"shipping-taxable","18":"purchasable","19":"product-type-variable"},"_links":{"self":[{"href":"https:\/\/laser-med.com.pl\/index.php\/wp-json\/wp\/v2\/product\/1050","targetHints":{"allow":["GET"]}}],"collection":[{"href":"https:\/\/laser-med.com.pl\/index.php\/wp-json\/wp\/v2\/product"}],"about":[{"href":"https:\/\/laser-med.com.pl\/index.php\/wp-json\/wp\/v2\/types\/product"}],"replies":[{"embeddable":true,"href":"https:\/\/laser-med.com.pl\/index.php\/wp-json\/wp\/v2\/comments?post=1050"}],"wp:featuredmedia":[{"embeddable":true,"href":"https:\/\/laser-med.com.pl\/index.php\/wp-json\/wp\/v2\/media\/1040"}],"wp:attachment":[{"href":"https:\/\/laser-med.com.pl\/index.php\/wp-json\/wp\/v2\/media?parent=1050"}],"wp:term":[{"taxonomy":"product_brand","embeddable":true,"href":"https:\/\/laser-med.com.pl\/index.php\/wp-json\/wp\/v2\/product_brand?post=1050"},{"taxonomy":"product_cat","embeddable":true,"href":"https:\/\/laser-med.com.pl\/index.php\/wp-json\/wp\/v2\/product_cat?post=1050"},{"taxonomy":"product_tag","embeddable":true,"href":"https:\/\/laser-med.com.pl\/index.php\/wp-json\/wp\/v2\/product_tag?post=1050"}],"curies":[{"name":"wp","href":"https:\/\/api.w.org\/{rel}","templated":true}]}}