{"id":1062,"date":"2025-04-27T22:44:18","date_gmt":"2025-04-27T20:44:18","guid":{"rendered":"https:\/\/laser-med.com.pl\/?post_type=product&#038;p=1062"},"modified":"2025-11-24T01:03:11","modified_gmt":"2025-11-24T00:03:11","slug":"mezoterapia-mikroiglowa-it-pharma","status":"publish","type":"product","link":"https:\/\/laser-med.com.pl\/index.php\/produkt\/mezoterapia-mikroiglowa-it-pharma\/","title":{"rendered":"Mezoterapia mikroig\u0142owa IT Pharma"},"content":{"rendered":"<h4 class=\"et_pb_module_header\">Efekty zabiegu Mezoterapii IT Pharma<\/h4>\n<div class=\"et_pb_blurb_description\">\n<ul>\n<li aria-level=\"1\">Redukcja zmarszczek i linii mimicznych,<\/li>\n<li aria-level=\"1\">Poprawa j\u0119drno\u015bci i elastyczno\u015bci sk\u00f3ry,<\/li>\n<li aria-level=\"1\">Wyr\u00f3wnanie kolorytu i roz\u015bwietlenie cery,<\/li>\n<li aria-level=\"1\">Zmniejszenie widoczno\u015bci por\u00f3w,<\/li>\n<li aria-level=\"1\">Redukcja niedoskona\u0142o\u015bci sk\u00f3ry.<\/li>\n<\/ul>\n<h4 class=\"et_pb_module_header\">Mezoterapia Mikroig\u0142owa IT Pharma<br \/>\n<span style=\"color: #666666; font-size: 14px;\">Mezoterapia mikroig\u0142owa z wykorzystaniem preparat\u00f3w IT Pharma to innowacyjna metoda regeneracji i odm\u0142adzania sk\u00f3ry. Zabieg polega na kontrolowanym mikronak\u0142uwaniu sk\u00f3ry przy pomocy specjalistycznego urz\u0105dzenia, co umo\u017cliwia g\u0142\u0119bokie wprowadzenie koktajli od\u017cywczych IT Pharma.\u00a0<\/span><\/h4>\n<p><a href=\"https:\/\/laser-med.com.pl\/index.php\/mezoterapia-mikroiglowa-it-pharma-2\/\">Wi\u0119cej o zabiegu<\/a><\/p>\n<\/div>\n","protected":false},"excerpt":{"rendered":"<p>Efekty zabiegu Mezoterapii IT Pharma Redukcja zmarszczek i linii mimicznych, Poprawa j\u0119drno\u015bci i elastyczno\u015bci sk\u00f3ry, Wyr\u00f3wnanie kolorytu i roz\u015bwietlenie cery, Zmniejszenie widoczno\u015bci por\u00f3w, Redukcja niedoskona\u0142o\u015bci sk\u00f3ry. Mezoterapia Mikroig\u0142owa IT Pharma Mezoterapia mikroig\u0142owa z wykorzystaniem preparat\u00f3w IT Pharma to innowacyjna metoda regeneracji i odm\u0142adzania sk\u00f3ry. Zabieg polega na kontrolowanym mikronak\u0142uwaniu sk\u00f3ry przy pomocy specjalistycznego urz\u0105dzenia, co [&hellip;]<\/p>\n","protected":false},"featured_media":1669,"comment_status":"open","ping_status":"closed","template":"","meta":{"_et_pb_use_builder":"","_et_pb_old_content":"","_et_gb_content_width":""},"product_brand":[],"product_cat":[23],"product_tag":[48,33,51,34,53,49,38,36,43,35,50],"class_list":{"0":"post-1062","1":"product","2":"type-product","3":"status-publish","4":"has-post-thumbnail","6":"product_cat-zabiegi-na-twarz","7":"product_tag-lifting","8":"product_tag-nawilzenie","9":"product_tag-odmlodzenie","10":"product_tag-pielegnacja-skory","11":"product_tag-poprawa-elastycznosci-skory","12":"product_tag-poprawa-jedrnosci-skory","13":"product_tag-redukcja-zmarszczek","14":"product_tag-rozswietlenie-skory","15":"product_tag-ujedrniajacy","16":"product_tag-wygladzenie","17":"product_tag-zmniejszenie-porow","19":"first","20":"instock","21":"shipping-taxable","22":"purchasable","23":"product-type-variable"},"_links":{"self":[{"href":"https:\/\/laser-med.com.pl\/index.php\/wp-json\/wp\/v2\/product\/1062","targetHints":{"allow":["GET"]}}],"collection":[{"href":"https:\/\/laser-med.com.pl\/index.php\/wp-json\/wp\/v2\/product"}],"about":[{"href":"https:\/\/laser-med.com.pl\/index.php\/wp-json\/wp\/v2\/types\/product"}],"replies":[{"embeddable":true,"href":"https:\/\/laser-med.com.pl\/index.php\/wp-json\/wp\/v2\/comments?post=1062"}],"wp:featuredmedia":[{"embeddable":true,"href":"https:\/\/laser-med.com.pl\/index.php\/wp-json\/wp\/v2\/media\/1669"}],"wp:attachment":[{"href":"https:\/\/laser-med.com.pl\/index.php\/wp-json\/wp\/v2\/media?parent=1062"}],"wp:term":[{"taxonomy":"product_brand","embeddable":true,"href":"https:\/\/laser-med.com.pl\/index.php\/wp-json\/wp\/v2\/product_brand?post=1062"},{"taxonomy":"product_cat","embeddable":true,"href":"https:\/\/laser-med.com.pl\/index.php\/wp-json\/wp\/v2\/product_cat?post=1062"},{"taxonomy":"product_tag","embeddable":true,"href":"https:\/\/laser-med.com.pl\/index.php\/wp-json\/wp\/v2\/product_tag?post=1062"}],"curies":[{"name":"wp","href":"https:\/\/api.w.org\/{rel}","templated":true}]}}