{"id":1069,"date":"2025-04-27T22:53:20","date_gmt":"2025-04-27T20:53:20","guid":{"rendered":"https:\/\/laser-med.com.pl\/?post_type=product&#038;p=1069"},"modified":"2026-02-10T23:55:06","modified_gmt":"2026-02-10T22:55:06","slug":"mezoterapia-beziglowa-skinshooter-klapp","status":"publish","type":"product","link":"https:\/\/laser-med.com.pl\/index.php\/produkt\/mezoterapia-beziglowa-skinshooter-klapp\/","title":{"rendered":"Mezoterapia bezig\u0142owa SKINSHOOTER KLAPP"},"content":{"rendered":"<h4 class=\"et_pb_module_header\">Efekty zabiegu Mezoterapii Skinshooter Klapp<\/h4>\n<div class=\"et_pb_blurb_description\">\n<ul>\n<li>Widoczny lifting i poprawa napi\u0119cia sk\u00f3ry<\/li>\n<li>Wyg\u0142adzenie zmarszczek i drobnych linii<\/li>\n<li>G\u0142\u0119bokie nawil\u017cenie i rewitalizacja sk\u00f3ry<\/li>\n<li>Poprawa elastyczno\u015bci i j\u0119drno\u015bci<\/li>\n<li>Rozja\u015bnienie przebarwie\u0144 i wyr\u00f3wnanie kolorytu<\/li>\n<li>Redukcja work\u00f3w i cieni pod oczami<\/li>\n<li>Poprawa owalu twarzy<\/li>\n<\/ul>\n<h4 class=\"et_pb_module_header\">Mezoterapia bezig\u0142owa SKINSHOOTER KLAPP<br \/>\n<span style=\"color: #666666; font-size: 14px;\">to zaawansowana technologia mezoterapii bezig\u0142owej, wykorzystuj\u0105ca <\/span><b style=\"color: #666666; font-size: 14px;\">elektroporacj\u0119 i elektrostymulacj\u0119<\/b><span style=\"color: #666666; font-size: 14px;\">, aby skutecznie dostarcza\u0107 sk\u0142adniki aktywne w g\u0142\u0105b sk\u00f3ry oraz poprawia\u0107 jej napi\u0119cie. Dzi\u0119ki tej metodzie substancje od\u017cywcze, takie jak kwas hialuronowy, peptydy, aminokwasy i witaminy, s\u0105 wprowadzane w sk\u00f3r\u0119 bez konieczno\u015bci u\u017cycia igie\u0142, co czyni zabieg ca\u0142kowicie bezbolesnym i bezinwazyjnym.<\/span><\/h4>\n<p><a href=\"https:\/\/laser-med.com.pl\/index.php\/mezoterapia-beziglowa-skinshooter-klapp\/\">Wi\u0119cej o zabiegu<\/a><\/p>\n<\/div>\n","protected":false},"excerpt":{"rendered":"<p>Efekty zabiegu Mezoterapii Skinshooter Klapp Widoczny lifting i poprawa napi\u0119cia sk\u00f3ry Wyg\u0142adzenie zmarszczek i drobnych linii G\u0142\u0119bokie nawil\u017cenie i rewitalizacja sk\u00f3ry Poprawa elastyczno\u015bci i j\u0119drno\u015bci Rozja\u015bnienie przebarwie\u0144 i wyr\u00f3wnanie kolorytu Redukcja work\u00f3w i cieni pod oczami Poprawa owalu twarzy Mezoterapia bezig\u0142owa SKINSHOOTER KLAPP to zaawansowana technologia mezoterapii bezig\u0142owej, wykorzystuj\u0105ca elektroporacj\u0119 i elektrostymulacj\u0119, aby skutecznie dostarcza\u0107 [&hellip;]<\/p>\n","protected":false},"featured_media":1669,"comment_status":"open","ping_status":"closed","template":"","meta":{"_et_pb_use_builder":"","_et_pb_old_content":"","_et_gb_content_width":""},"product_brand":[],"product_cat":[23],"product_tag":[48,33,51,34,53,49,38,36,35,50],"class_list":{"0":"post-1069","1":"product","2":"type-product","3":"status-publish","4":"has-post-thumbnail","6":"product_cat-zabiegi-na-twarz","7":"product_tag-lifting","8":"product_tag-nawilzenie","9":"product_tag-odmlodzenie","10":"product_tag-pielegnacja-skory","11":"product_tag-poprawa-elastycznosci-skory","12":"product_tag-poprawa-jedrnosci-skory","13":"product_tag-redukcja-zmarszczek","14":"product_tag-rozswietlenie-skory","15":"product_tag-wygladzenie","16":"product_tag-zmniejszenie-porow","18":"first","19":"instock","20":"shipping-taxable","21":"purchasable","22":"product-type-simple"},"_links":{"self":[{"href":"https:\/\/laser-med.com.pl\/index.php\/wp-json\/wp\/v2\/product\/1069","targetHints":{"allow":["GET"]}}],"collection":[{"href":"https:\/\/laser-med.com.pl\/index.php\/wp-json\/wp\/v2\/product"}],"about":[{"href":"https:\/\/laser-med.com.pl\/index.php\/wp-json\/wp\/v2\/types\/product"}],"replies":[{"embeddable":true,"href":"https:\/\/laser-med.com.pl\/index.php\/wp-json\/wp\/v2\/comments?post=1069"}],"wp:featuredmedia":[{"embeddable":true,"href":"https:\/\/laser-med.com.pl\/index.php\/wp-json\/wp\/v2\/media\/1669"}],"wp:attachment":[{"href":"https:\/\/laser-med.com.pl\/index.php\/wp-json\/wp\/v2\/media?parent=1069"}],"wp:term":[{"taxonomy":"product_brand","embeddable":true,"href":"https:\/\/laser-med.com.pl\/index.php\/wp-json\/wp\/v2\/product_brand?post=1069"},{"taxonomy":"product_cat","embeddable":true,"href":"https:\/\/laser-med.com.pl\/index.php\/wp-json\/wp\/v2\/product_cat?post=1069"},{"taxonomy":"product_tag","embeddable":true,"href":"https:\/\/laser-med.com.pl\/index.php\/wp-json\/wp\/v2\/product_tag?post=1069"}],"curies":[{"name":"wp","href":"https:\/\/api.w.org\/{rel}","templated":true}]}}