{"id":1084,"date":"2025-05-08T14:06:45","date_gmt":"2025-05-08T12:06:45","guid":{"rendered":"https:\/\/laser-med.com.pl\/?post_type=product&#038;p=1084"},"modified":"2025-05-08T14:06:46","modified_gmt":"2025-05-08T12:06:46","slug":"peeling-chemiczny-kwasami-utsukusy","status":"publish","type":"product","link":"https:\/\/laser-med.com.pl\/index.php\/produkt\/peeling-chemiczny-kwasami-utsukusy\/","title":{"rendered":"Peeling chemiczny kwasami Utsukusy"},"content":{"rendered":"<h4 class=\"et_pb_module_header et-fb-editable-element et-fb-editable-element__editing\" contenteditable=\"true\" data-shortcode-id=\"0.1.1.0-1746701296369\" data-quickaccess-id=\"header\">Efekty zabiegu kwasami Utsukusy<\/h4>\n<ul>\n<li style=\"font-weight: 400;\" aria-level=\"1\"><span style=\"font-weight: 400;\">G\u0142\u0119bokie oczyszczenie sk\u00f3ry,<\/span><\/li>\n<li style=\"font-weight: 400;\" aria-level=\"1\"><span style=\"font-weight: 400;\">Wyr\u00f3wnanie kolorytu i rozja\u015bnienie przebarwie\u0144,<\/span><\/li>\n<li style=\"font-weight: 400;\" aria-level=\"1\"><span style=\"font-weight: 400;\">Redukcja zmarszczek i poprawa j\u0119drno\u015bci sk\u00f3ry,<\/span><\/li>\n<li style=\"font-weight: 400;\" aria-level=\"1\"><span style=\"font-weight: 400;\">Wyg\u0142adzenie struktury sk\u00f3ry,<\/span><\/li>\n<li style=\"font-weight: 400;\" aria-level=\"1\"><span style=\"font-weight: 400;\">Zmniejszenie widoczno\u015bci por\u00f3w,<\/span><\/li>\n<li style=\"font-weight: 400;\" aria-level=\"1\"><span style=\"font-weight: 400;\">Redukcja zmian tr\u0105dzikowych i blizn potr\u0105dzikowych,<\/span><\/li>\n<li style=\"font-weight: 400;\" aria-level=\"1\"><span style=\"font-weight: 400;\">Intensywne nawil\u017cenie i regeneracja sk\u00f3ry.<\/span><\/li>\n<\/ul>\n<p><strong>Peelingi chemiczne marki UTSUKUSY<\/strong> <span style=\"font-weight: 400;\">to zaawansowane zabiegi z\u0142uszczaj\u0105ce i regeneruj\u0105ce sk\u00f3r\u0119, oparte na japo\u0144sko-hiszpa\u0144skiej filozofii \u0142\u0105cz\u0105cej staro\u017cytne tradycje z nowoczesnymi badaniami kosmetycznymi. Kwasy Utsukusy to profesjonalne formu\u0142y stworzone z ro\u015blin, minera\u0142\u00f3w i naturalnych ekstrakt\u00f3w, zapewniaj\u0105ce skuteczn\u0105 walk\u0119 z problemami sk\u00f3ry: od przebarwie\u0144, przez zmarszczki, po zmiany tr\u0105dzikowe.<\/span><\/p>\n<p><a href=\"https:\/\/laser-med.com.pl\/index.php\/peelingi-chemiczne-utsukusy\/\">wi\u0119cej o zabiegu<\/a><\/p>\n<p>&nbsp;<\/p>\n","protected":false},"excerpt":{"rendered":"<p>Efekty zabiegu kwasami Utsukusy G\u0142\u0119bokie oczyszczenie sk\u00f3ry, Wyr\u00f3wnanie kolorytu i rozja\u015bnienie przebarwie\u0144, Redukcja zmarszczek i poprawa j\u0119drno\u015bci sk\u00f3ry, Wyg\u0142adzenie struktury sk\u00f3ry, Zmniejszenie widoczno\u015bci por\u00f3w, Redukcja zmian tr\u0105dzikowych i blizn potr\u0105dzikowych, Intensywne nawil\u017cenie i regeneracja sk\u00f3ry. Peelingi chemiczne marki UTSUKUSY to zaawansowane zabiegi z\u0142uszczaj\u0105ce i regeneruj\u0105ce sk\u00f3r\u0119, oparte na japo\u0144sko-hiszpa\u0144skiej filozofii \u0142\u0105cz\u0105cej staro\u017cytne tradycje z nowoczesnymi [&hellip;]<\/p>\n","protected":false},"featured_media":1082,"comment_status":"open","ping_status":"closed","template":"","meta":{"_et_pb_use_builder":"","_et_pb_old_content":"","_et_gb_content_width":""},"product_brand":[57],"product_cat":[23],"product_tag":[48,33,51,34,53,49,38,36,50],"class_list":{"0":"post-1084","1":"product","2":"type-product","3":"status-publish","4":"has-post-thumbnail","6":"product_brand-utsukusy","7":"product_cat-zabiegi-na-twarz","8":"product_tag-lifting","9":"product_tag-nawilzenie","10":"product_tag-odmlodzenie","11":"product_tag-pielegnacja-skory","12":"product_tag-poprawa-elastycznosci-skory","13":"product_tag-poprawa-jedrnosci-skory","14":"product_tag-redukcja-zmarszczek","15":"product_tag-rozswietlenie-skory","16":"product_tag-zmniejszenie-porow","18":"first","19":"instock","20":"shipping-taxable","21":"purchasable","22":"product-type-simple"},"_links":{"self":[{"href":"https:\/\/laser-med.com.pl\/index.php\/wp-json\/wp\/v2\/product\/1084","targetHints":{"allow":["GET"]}}],"collection":[{"href":"https:\/\/laser-med.com.pl\/index.php\/wp-json\/wp\/v2\/product"}],"about":[{"href":"https:\/\/laser-med.com.pl\/index.php\/wp-json\/wp\/v2\/types\/product"}],"replies":[{"embeddable":true,"href":"https:\/\/laser-med.com.pl\/index.php\/wp-json\/wp\/v2\/comments?post=1084"}],"wp:featuredmedia":[{"embeddable":true,"href":"https:\/\/laser-med.com.pl\/index.php\/wp-json\/wp\/v2\/media\/1082"}],"wp:attachment":[{"href":"https:\/\/laser-med.com.pl\/index.php\/wp-json\/wp\/v2\/media?parent=1084"}],"wp:term":[{"taxonomy":"product_brand","embeddable":true,"href":"https:\/\/laser-med.com.pl\/index.php\/wp-json\/wp\/v2\/product_brand?post=1084"},{"taxonomy":"product_cat","embeddable":true,"href":"https:\/\/laser-med.com.pl\/index.php\/wp-json\/wp\/v2\/product_cat?post=1084"},{"taxonomy":"product_tag","embeddable":true,"href":"https:\/\/laser-med.com.pl\/index.php\/wp-json\/wp\/v2\/product_tag?post=1084"}],"curies":[{"name":"wp","href":"https:\/\/api.w.org\/{rel}","templated":true}]}}