{"id":1176,"date":"2025-07-07T15:07:22","date_gmt":"2025-07-07T13:07:22","guid":{"rendered":"https:\/\/laser-med.com.pl\/?post_type=product&#038;p=1176"},"modified":"2025-07-07T15:52:05","modified_gmt":"2025-07-07T13:52:05","slug":"mezoterapia-mikroiglowa-bruno-vassari","status":"publish","type":"product","link":"https:\/\/laser-med.com.pl\/index.php\/produkt\/mezoterapia-mikroiglowa-bruno-vassari\/","title":{"rendered":"Mezoterapia mikroig\u0142owa Bruno Vassari"},"content":{"rendered":"<h4>Zakup mozliwty tylko w Gabinecie Laser-Med po konsultacji i doborze odpowiednich sk\u0142adnik\u00f3w. <strong>W celu zakupu zadzwo\u0144 +48 790 470 580<\/strong><\/h4>\n<h4 class=\"et_pb_module_header\">Efekty zabiegu Mezoterapii Bruno Vassari<\/h4>\n<div class=\"et_pb_blurb_description\">\n<ul>\n<li aria-level=\"1\">G\u0142\u0119bokie nawil\u017cenie sk\u00f3ry<\/li>\n<li aria-level=\"1\">Od\u017cywienie i regeneracja na poziomie kom\u00f3rkowym<\/li>\n<li aria-level=\"1\">Poprawa j\u0119drno\u015bci i elastyczno\u015bci sk\u00f3ry<\/li>\n<li aria-level=\"1\">Wyg\u0142adzenie drobnych zmarszczek<\/li>\n<li aria-level=\"1\">Rozja\u015bnienie sk\u00f3ry i wyr\u00f3wnanie jej kolorytu<\/li>\n<li aria-level=\"1\">Zmniejszenie oznak zm\u0119czenia i stresu<\/li>\n<\/ul>\n<h4 class=\"et_pb_module_header\">Mezoterapia mikroig\u0142owa Bruno Vassari<br \/>\n<span style=\"color: #666666; font-size: 14px;\">Mezoterapia mikroig\u0142owa Bruno Vassari to nowoczesny zabieg kosmetologiczny polegaj\u0105cy na frakcyjnym mikronak\u0142uwaniu sk\u00f3ry za pomoc\u0105 urz\u0105dzenia<b>.<\/b>\u00a0Proces ten stymuluje naturalne mechanizmy regeneracyjne sk\u00f3ry, prowadz\u0105c do jej odnowy i poprawy struktury.<\/span><\/h4>\n<p><a href=\"https:\/\/laser-med.com.pl\/index.php\/mezoterapia-mikroiglowa-bruno-vassari\/\">Wi\u0119cej o zabiegu<\/a><\/p>\n<\/div>\n","protected":false},"excerpt":{"rendered":"<p>Zakup mozliwty tylko w Gabinecie Laser-Med po konsultacji i doborze odpowiednich sk\u0142adnik\u00f3w. W celu zakupu zadzwo\u0144 +48 790 470 580 Efekty zabiegu Mezoterapii Bruno Vassari G\u0142\u0119bokie nawil\u017cenie sk\u00f3ry Od\u017cywienie i regeneracja na poziomie kom\u00f3rkowym Poprawa j\u0119drno\u015bci i elastyczno\u015bci sk\u00f3ry Wyg\u0142adzenie drobnych zmarszczek Rozja\u015bnienie sk\u00f3ry i wyr\u00f3wnanie jej kolorytu Zmniejszenie oznak zm\u0119czenia i stresu Mezoterapia mikroig\u0142owa [&hellip;]<\/p>\n","protected":false},"featured_media":689,"comment_status":"open","ping_status":"closed","template":"","meta":{"_et_pb_use_builder":"","_et_pb_old_content":"","_et_gb_content_width":""},"product_brand":[58],"product_cat":[23],"product_tag":[48,33,51,53,49,38,36,43,50],"class_list":{"0":"post-1176","1":"product","2":"type-product","3":"status-publish","4":"has-post-thumbnail","6":"product_brand-bruno-vassari","7":"product_cat-zabiegi-na-twarz","8":"product_tag-lifting","9":"product_tag-nawilzenie","10":"product_tag-odmlodzenie","11":"product_tag-poprawa-elastycznosci-skory","12":"product_tag-poprawa-jedrnosci-skory","13":"product_tag-redukcja-zmarszczek","14":"product_tag-rozswietlenie-skory","15":"product_tag-ujedrniajacy","16":"product_tag-zmniejszenie-porow","18":"first","19":"outofstock","20":"shipping-taxable","21":"purchasable","22":"product-type-variable"},"_links":{"self":[{"href":"https:\/\/laser-med.com.pl\/index.php\/wp-json\/wp\/v2\/product\/1176","targetHints":{"allow":["GET"]}}],"collection":[{"href":"https:\/\/laser-med.com.pl\/index.php\/wp-json\/wp\/v2\/product"}],"about":[{"href":"https:\/\/laser-med.com.pl\/index.php\/wp-json\/wp\/v2\/types\/product"}],"replies":[{"embeddable":true,"href":"https:\/\/laser-med.com.pl\/index.php\/wp-json\/wp\/v2\/comments?post=1176"}],"wp:featuredmedia":[{"embeddable":true,"href":"https:\/\/laser-med.com.pl\/index.php\/wp-json\/wp\/v2\/media\/689"}],"wp:attachment":[{"href":"https:\/\/laser-med.com.pl\/index.php\/wp-json\/wp\/v2\/media?parent=1176"}],"wp:term":[{"taxonomy":"product_brand","embeddable":true,"href":"https:\/\/laser-med.com.pl\/index.php\/wp-json\/wp\/v2\/product_brand?post=1176"},{"taxonomy":"product_cat","embeddable":true,"href":"https:\/\/laser-med.com.pl\/index.php\/wp-json\/wp\/v2\/product_cat?post=1176"},{"taxonomy":"product_tag","embeddable":true,"href":"https:\/\/laser-med.com.pl\/index.php\/wp-json\/wp\/v2\/product_tag?post=1176"}],"curies":[{"name":"wp","href":"https:\/\/api.w.org\/{rel}","templated":true}]}}