{"id":1185,"date":"2025-07-07T17:33:30","date_gmt":"2025-07-07T15:33:30","guid":{"rendered":"https:\/\/laser-med.com.pl\/?post_type=product&#038;p=1185"},"modified":"2025-07-07T17:39:15","modified_gmt":"2025-07-07T15:39:15","slug":"zabieg-lifting-code-silny-zabieg-lifitngujacy-dla-cer-dojrzalych-bioline-jato","status":"publish","type":"product","link":"https:\/\/laser-med.com.pl\/index.php\/produkt\/zabieg-lifting-code-silny-zabieg-lifitngujacy-dla-cer-dojrzalych-bioline-jato\/","title":{"rendered":"Zabieg Lifting Code \u2013 silny zabieg lifitnguj\u0105cy dla cer dojrza\u0142ych &#8211; Bioline Jato"},"content":{"rendered":"<h4 class=\"et_pb_module_header et-fb-editable-element et-fb-editable-element__editing\" contenteditable=\"true\" data-shortcode-id=\"0.1.1.0-1746701296369\" data-quickaccess-id=\"header\">Efekty zabiegu Lifting Code<\/h4>\n<div class=\"et_pb_blurb_description\">\n<ul>\n<li>Lifting, wyg\u0142adzenie i wymodelowanie owalu twarzy<\/li>\n<li>Uj\u0119drnienie<\/li>\n<li>Poprawa elastyczno\u015bci i spr\u0119\u017cysto\u015bci<\/li>\n<li>Wype\u0142nienie i redukcja zmarszczek<\/li>\n<\/ul>\n<\/div>\n<h4 class=\"et_pb_module_header\">Zabieg Lifting Code od Bioline Jato, <span style=\"color: #666666; font-size: 14px;\"><span style=\"font-family: Times New Roman, serif;\"><span style=\"font-size: medium;\">to ekskluzywna linia kosmetyk\u00f3w Bioline Jat\u00f2, kt\u00f3ra na nowo modeluje rysy twarzy, szyi i dekoltu. Oparta na wielokierunkowej biorewitalizacji z formu\u0142\u0105 wype\u0142niania dyfuzyjnego, przywraca sk\u00f3rze naturalne pi\u0119kno i m\u0142odzie\u0144czy wygl\u0105d.<\/span><\/span><\/span><\/h4>\n<p><a href=\"https:\/\/laser-med.com.pl\/index.php\/zabieg-lifting-code-bioline-jato\/\">wi\u0119cej o zabiegu<\/a><\/p>\n<p>&nbsp;<\/p>\n","protected":false},"excerpt":{"rendered":"<p>Efekty zabiegu Lifting Code Lifting, wyg\u0142adzenie i wymodelowanie owalu twarzy Uj\u0119drnienie Poprawa elastyczno\u015bci i spr\u0119\u017cysto\u015bci Wype\u0142nienie i redukcja zmarszczek Zabieg Lifting Code od Bioline Jato, to ekskluzywna linia kosmetyk\u00f3w Bioline Jat\u00f2, kt\u00f3ra na nowo modeluje rysy twarzy, szyi i dekoltu. Oparta na wielokierunkowej biorewitalizacji z formu\u0142\u0105 wype\u0142niania dyfuzyjnego, przywraca sk\u00f3rze naturalne pi\u0119kno i m\u0142odzie\u0144czy wygl\u0105d. [&hellip;]<\/p>\n","protected":false},"featured_media":1140,"comment_status":"open","ping_status":"closed","template":"","meta":{"_et_pb_use_builder":"","_et_pb_old_content":"","_et_gb_content_width":""},"product_brand":[59],"product_cat":[23],"product_tag":[61,48,60,33,51,34,53,49,36],"class_list":{"0":"post-1185","1":"product","2":"type-product","3":"status-publish","4":"has-post-thumbnail","6":"product_brand-bioline-jato","7":"product_cat-zabiegi-na-twarz","8":"product_tag-cera-dojrzala","9":"product_tag-lifting","10":"product_tag-modelowanie-owalu-twarzy","11":"product_tag-nawilzenie","12":"product_tag-odmlodzenie","13":"product_tag-pielegnacja-skory","14":"product_tag-poprawa-elastycznosci-skory","15":"product_tag-poprawa-jedrnosci-skory","16":"product_tag-rozswietlenie-skory","18":"first","19":"instock","20":"shipping-taxable","21":"purchasable","22":"product-type-simple"},"_links":{"self":[{"href":"https:\/\/laser-med.com.pl\/index.php\/wp-json\/wp\/v2\/product\/1185","targetHints":{"allow":["GET"]}}],"collection":[{"href":"https:\/\/laser-med.com.pl\/index.php\/wp-json\/wp\/v2\/product"}],"about":[{"href":"https:\/\/laser-med.com.pl\/index.php\/wp-json\/wp\/v2\/types\/product"}],"replies":[{"embeddable":true,"href":"https:\/\/laser-med.com.pl\/index.php\/wp-json\/wp\/v2\/comments?post=1185"}],"wp:featuredmedia":[{"embeddable":true,"href":"https:\/\/laser-med.com.pl\/index.php\/wp-json\/wp\/v2\/media\/1140"}],"wp:attachment":[{"href":"https:\/\/laser-med.com.pl\/index.php\/wp-json\/wp\/v2\/media?parent=1185"}],"wp:term":[{"taxonomy":"product_brand","embeddable":true,"href":"https:\/\/laser-med.com.pl\/index.php\/wp-json\/wp\/v2\/product_brand?post=1185"},{"taxonomy":"product_cat","embeddable":true,"href":"https:\/\/laser-med.com.pl\/index.php\/wp-json\/wp\/v2\/product_cat?post=1185"},{"taxonomy":"product_tag","embeddable":true,"href":"https:\/\/laser-med.com.pl\/index.php\/wp-json\/wp\/v2\/product_tag?post=1185"}],"curies":[{"name":"wp","href":"https:\/\/api.w.org\/{rel}","templated":true}]}}