{"id":1232,"date":"2025-07-08T12:20:47","date_gmt":"2025-07-08T10:20:47","guid":{"rendered":"https:\/\/laser-med.com.pl\/?post_type=product&#038;p=1232"},"modified":"2025-07-08T12:34:54","modified_gmt":"2025-07-08T10:34:54","slug":"endermologia-na-cialo-pulsacyjne-pole-magnetyczne","status":"publish","type":"product","link":"https:\/\/laser-med.com.pl\/index.php\/produkt\/endermologia-na-cialo-pulsacyjne-pole-magnetyczne\/","title":{"rendered":"Endermologia na cia\u0142o + pulsacyjne pole magnetyczne"},"content":{"rendered":"<h4 class=\"et_pb_module_header\">Efekty zabiegu Endermologi<\/h4>\n<div class=\"et_pb_blurb_description\">\n<ul>\n<li><b>Redukcja cellulitu:<\/b><span style=\"font-weight: 400;\"> Zmniejszenie widoczno\u015bci cellulitu, sk\u00f3ra staje si\u0119 g\u0142adka i elastyczna<\/span><\/li>\n<li><b>Modelowanie sylwetki:<\/b><span style=\"font-weight: 400;\"> Zabieg skutecznie zmniejsza obwody, wysmukla cia\u0142o i poprawia kontury.<\/span><\/li>\n<li><b>Uj\u0119drnienie sk\u00f3ry:<\/b><span style=\"font-weight: 400;\"> Poprawa j\u0119drno\u015bci i elastyczno\u015bci sk\u00f3ry, szczeg\u00f3lnie w problematycznych partiach.<\/span><\/li>\n<li><b>Detoksykacja:<\/b><span style=\"font-weight: 400;\"> Usuni\u0119cie toksyn i nadmiaru p\u0142yn\u00f3w, co poprawia og\u00f3lne samopoczucie i kondycj\u0119 sk\u00f3ry.<\/span><\/li>\n<\/ul>\n<h4 class=\"et_pb_module_header\">ENDERMOLOGIA z pulsacyjnym polem magentycznym<br \/>\n<span style=\"color: #666666; font-size: 14px;\"><span style=\"font-weight: 400;\">to zabieg, kt\u00f3ry pomaga modelowa\u0107 sylwetk\u0119, redukowa\u0107 cellulit oraz uj\u0119drnia\u0107 sk\u00f3r\u0119. To zaawansowana technologia wykorzystuj\u0105ca mechaniczny masa\u017c podci\u015bnieniowy, kt\u00f3ry dzia\u0142a na g\u0142\u0119bokie warstwy sk\u00f3ry i tkanki t\u0142uszczowej oraz regeneracj\u0119 kom\u00f3rek za pomoc\u0105 pulsacyjnego pola magnetycznego. Zabieg ten jest nieinwazyjny a przy tym bardzo skuteczny.<\/span><\/span><\/h4>\n<p><strong>Czas zabiegu to a\u017c 75 minut<\/strong><\/p>\n<p><a href=\"https:\/\/laser-med.com.pl\/index.php\/endermologia\/\">Wi\u0119cej o zabiegu<\/a><\/p>\n<\/div>\n","protected":false},"excerpt":{"rendered":"<p>Efekty zabiegu Endermologi Redukcja cellulitu: Zmniejszenie widoczno\u015bci cellulitu, sk\u00f3ra staje si\u0119 g\u0142adka i elastyczna Modelowanie sylwetki: Zabieg skutecznie zmniejsza obwody, wysmukla cia\u0142o i poprawia kontury. Uj\u0119drnienie sk\u00f3ry: Poprawa j\u0119drno\u015bci i elastyczno\u015bci sk\u00f3ry, szczeg\u00f3lnie w problematycznych partiach. Detoksykacja: Usuni\u0119cie toksyn i nadmiaru p\u0142yn\u00f3w, co poprawia og\u00f3lne samopoczucie i kondycj\u0119 sk\u00f3ry. ENDERMOLOGIA z pulsacyjnym polem magentycznym to [&hellip;]<\/p>\n","protected":false},"featured_media":1236,"comment_status":"open","ping_status":"closed","template":"","meta":{"_et_pb_use_builder":"","_et_pb_old_content":"","_et_gb_content_width":""},"product_brand":[],"product_cat":[62],"product_tag":[40,63,65,53,49,64,43,41],"class_list":{"0":"post-1232","1":"product","2":"type-product","3":"status-publish","4":"has-post-thumbnail","6":"product_cat-zabiegi-na-cialo","7":"product_tag-antycelluliotowy","8":"product_tag-modelowanie-sylwetki","9":"product_tag-odchudzanie","10":"product_tag-poprawa-elastycznosci-skory","11":"product_tag-poprawa-jedrnosci-skory","12":"product_tag-redukcja-obwodow","13":"product_tag-ujedrniajacy","14":"product_tag-wygladzajacy","16":"first","17":"instock","18":"shipping-taxable","19":"purchasable","20":"product-type-variable"},"_links":{"self":[{"href":"https:\/\/laser-med.com.pl\/index.php\/wp-json\/wp\/v2\/product\/1232","targetHints":{"allow":["GET"]}}],"collection":[{"href":"https:\/\/laser-med.com.pl\/index.php\/wp-json\/wp\/v2\/product"}],"about":[{"href":"https:\/\/laser-med.com.pl\/index.php\/wp-json\/wp\/v2\/types\/product"}],"replies":[{"embeddable":true,"href":"https:\/\/laser-med.com.pl\/index.php\/wp-json\/wp\/v2\/comments?post=1232"}],"wp:featuredmedia":[{"embeddable":true,"href":"https:\/\/laser-med.com.pl\/index.php\/wp-json\/wp\/v2\/media\/1236"}],"wp:attachment":[{"href":"https:\/\/laser-med.com.pl\/index.php\/wp-json\/wp\/v2\/media?parent=1232"}],"wp:term":[{"taxonomy":"product_brand","embeddable":true,"href":"https:\/\/laser-med.com.pl\/index.php\/wp-json\/wp\/v2\/product_brand?post=1232"},{"taxonomy":"product_cat","embeddable":true,"href":"https:\/\/laser-med.com.pl\/index.php\/wp-json\/wp\/v2\/product_cat?post=1232"},{"taxonomy":"product_tag","embeddable":true,"href":"https:\/\/laser-med.com.pl\/index.php\/wp-json\/wp\/v2\/product_tag?post=1232"}],"curies":[{"name":"wp","href":"https:\/\/api.w.org\/{rel}","templated":true}]}}