{"id":1298,"date":"2025-07-09T14:07:41","date_gmt":"2025-07-09T12:07:41","guid":{"rendered":"https:\/\/laser-med.com.pl\/?post_type=product&#038;p=1298"},"modified":"2025-07-09T14:28:05","modified_gmt":"2025-07-09T12:28:05","slug":"kosmiczne-odchudzanie","status":"publish","type":"product","link":"https:\/\/laser-med.com.pl\/index.php\/produkt\/kosmiczne-odchudzanie\/","title":{"rendered":"Kosmiczne Odchudzanie"},"content":{"rendered":"<h4 class=\"et_pb_module_header\">Efekty zabiegu Endermologi<\/h4>\n<div class=\"et_pb_blurb_description\">\n<ul>\n<li><span style=\"font-weight: 400;\">Utrata \u015brednio 6,1 cm w talii po 12 sesjach<\/span><\/li>\n<li style=\"font-weight: 400;\" aria-level=\"1\"><span style=\"font-weight: 400;\">Eliminacja t\u0142uszczu trzewnego<\/span><\/li>\n<li style=\"font-weight: 400;\" aria-level=\"1\"><span style=\"font-weight: 400;\">Post\u0119puj\u0105ce wyszczuplenie, szczeg\u00f3lnie widoczne po drugiej sesji<\/span><\/li>\n<li style=\"font-weight: 400;\" aria-level=\"1\"><span style=\"font-weight: 400;\">Zmniejszenie obwod\u00f3w cia\u0142a i poprawa sylwetki<\/span><\/li>\n<li style=\"font-weight: 400;\" aria-level=\"1\"><span style=\"font-weight: 400;\">Zmniejszenie rozmiaru odzie\u017cy nawet o 2 numery<\/span><\/li>\n<li style=\"font-weight: 400;\" aria-level=\"1\"><span style=\"font-weight: 400;\">Poprawa j\u0119drno\u015bci i elastyczno\u015bci sk\u00f3ry<\/span><\/li>\n<li style=\"font-weight: 400;\" aria-level=\"1\"><span style=\"font-weight: 400;\">Uczucie lekko\u015bci i og\u00f3lna poprawa samopoczucia<\/span><\/li>\n<\/ul>\n<h4 class=\"et_pb_module_header\">ENDERMOLOGIA z pulsacyjnym polem magentycznym<br \/>\n<span style=\"color: #666666; font-size: 14px;\"><span style=\"font-weight: 400;\">to innowacyjne urz\u0105dzenie, kt\u00f3re skutecznie wspomaga redukcj\u0119 podsk\u00f3rnej tkanki t\u0142uszczowej oraz t\u0142uszczu trzewnego, odpowiedzialnego za liczne problemy zdrowotne, takie jak choroby sercowo-naczyniowe, udary czy niep\u0142odno\u015b\u0107. Dzi\u0119ki dzia\u0142aniu impulsowego pola magnetycznego, zabieg ten jest w pe\u0142ni bezpieczny, nieinwazyjny i bezbolesny, a jego efekty s\u0105 potwierdzone klinicznie.<\/span><\/span><\/h4>\n<p><strong>Czas zabiegu 60 minut<\/strong><\/p>\n<p><a href=\"https:\/\/laser-med.com.pl\/index.php\/kosmiczne-odchudzanie\/\">Wi\u0119cej o zabiegu<\/a><\/p>\n<\/div>\n","protected":false},"excerpt":{"rendered":"<p>Efekty zabiegu Endermologi Utrata \u015brednio 6,1 cm w talii po 12 sesjach Eliminacja t\u0142uszczu trzewnego Post\u0119puj\u0105ce wyszczuplenie, szczeg\u00f3lnie widoczne po drugiej sesji Zmniejszenie obwod\u00f3w cia\u0142a i poprawa sylwetki Zmniejszenie rozmiaru odzie\u017cy nawet o 2 numery Poprawa j\u0119drno\u015bci i elastyczno\u015bci sk\u00f3ry Uczucie lekko\u015bci i og\u00f3lna poprawa samopoczucia ENDERMOLOGIA z pulsacyjnym polem magentycznym to innowacyjne urz\u0105dzenie, kt\u00f3re [&hellip;]<\/p>\n","protected":false},"featured_media":1291,"comment_status":"open","ping_status":"closed","template":"","meta":{"_et_pb_use_builder":"","_et_pb_old_content":"","_et_gb_content_width":""},"product_brand":[],"product_cat":[62],"product_tag":[40,67,44,68,63,65,53,49,64,43,41],"class_list":{"0":"post-1298","1":"product","2":"type-product","3":"status-publish","4":"has-post-thumbnail","6":"product_cat-zabiegi-na-cialo","7":"product_tag-antycelluliotowy","8":"product_tag-drenaz-limfatyczny","9":"product_tag-drenujacy","10":"product_tag-eliminacja-tluszczu","11":"product_tag-modelowanie-sylwetki","12":"product_tag-odchudzanie","13":"product_tag-poprawa-elastycznosci-skory","14":"product_tag-poprawa-jedrnosci-skory","15":"product_tag-redukcja-obwodow","16":"product_tag-ujedrniajacy","17":"product_tag-wygladzajacy","19":"first","20":"instock","21":"shipping-taxable","22":"purchasable","23":"product-type-variable"},"_links":{"self":[{"href":"https:\/\/laser-med.com.pl\/index.php\/wp-json\/wp\/v2\/product\/1298","targetHints":{"allow":["GET"]}}],"collection":[{"href":"https:\/\/laser-med.com.pl\/index.php\/wp-json\/wp\/v2\/product"}],"about":[{"href":"https:\/\/laser-med.com.pl\/index.php\/wp-json\/wp\/v2\/types\/product"}],"replies":[{"embeddable":true,"href":"https:\/\/laser-med.com.pl\/index.php\/wp-json\/wp\/v2\/comments?post=1298"}],"wp:featuredmedia":[{"embeddable":true,"href":"https:\/\/laser-med.com.pl\/index.php\/wp-json\/wp\/v2\/media\/1291"}],"wp:attachment":[{"href":"https:\/\/laser-med.com.pl\/index.php\/wp-json\/wp\/v2\/media?parent=1298"}],"wp:term":[{"taxonomy":"product_brand","embeddable":true,"href":"https:\/\/laser-med.com.pl\/index.php\/wp-json\/wp\/v2\/product_brand?post=1298"},{"taxonomy":"product_cat","embeddable":true,"href":"https:\/\/laser-med.com.pl\/index.php\/wp-json\/wp\/v2\/product_cat?post=1298"},{"taxonomy":"product_tag","embeddable":true,"href":"https:\/\/laser-med.com.pl\/index.php\/wp-json\/wp\/v2\/product_tag?post=1298"}],"curies":[{"name":"wp","href":"https:\/\/api.w.org\/{rel}","templated":true}]}}