{"id":1311,"date":"2025-07-09T14:47:32","date_gmt":"2025-07-09T12:47:32","guid":{"rendered":"https:\/\/laser-med.com.pl\/?post_type=product&#038;p=1311"},"modified":"2025-07-09T15:01:16","modified_gmt":"2025-07-09T13:01:16","slug":"kriolipoliza-wymrazanie-tluszczu-na-stale","status":"publish","type":"product","link":"https:\/\/laser-med.com.pl\/index.php\/produkt\/kriolipoliza-wymrazanie-tluszczu-na-stale\/","title":{"rendered":"Kriolipoliza &#8211; wymra\u017canie t\u0142uszczu na sta\u0142e"},"content":{"rendered":"<h4 class=\"et_pb_module_header\">Efekty zabiegu Kriolipolizy<\/h4>\n<div class=\"et_pb_blurb_description\">\n<ul>\n<li><span style=\"font-weight: 400;\">Eliminacja uprorczywego t\u0142uszczu<\/span><\/li>\n<li style=\"font-weight: 400;\" aria-level=\"1\"><span style=\"font-weight: 400;\">Zmniejszenie obwod\u00f3w<\/span><\/li>\n<li style=\"font-weight: 400;\" aria-level=\"1\"><span style=\"font-weight: 400;\">Wyszczuplenie obszaru zabiegowego<\/span><\/li>\n<li style=\"font-weight: 400;\" aria-level=\"1\">Redukcja wagi<\/li>\n<\/ul>\n<h4 class=\"et_pb_module_header\">KRIOLIPOLIZA<br \/>\n<span style=\"color: #666666; font-size: 14px;\"><span style=\"font-weight: 400;\">to znana r\u00f3wnie\u017c jako wymra\u017canie tkanki t\u0142uszczowej, to zaawansowana technologia przeznaczona do redukcji nadmiaru tkanki t\u0142uszczowej z r\u00f3\u017cnych obszar\u00f3w cia\u0142a poprzez kontrolowane sch\u0142adzanie. Dzi\u0119ki precyzyjnemu dzia\u0142aniu kriolipoliza powoduje naturalny rozpad kom\u00f3rek t\u0142uszczowych, co prowadzi do ich stopniowego usuni\u0119cia z organizmu, bez potrzeby ingerencji chirurgicznej. Zabieg ten pozwala na wymodelowanie sylwetki, wyszczuplenie i trwa\u0142\u0105 redukcj\u0119 tkanki t\u0142uszczowej w wybranych partiach cia\u0142a.<\/span><\/span><\/h4>\n<p><strong>Czas zabiegu 70 minut<\/strong><\/p>\n<p><a href=\"https:\/\/laser-med.com.pl\/index.php\/kriolipoliza-2\/\">Wi\u0119cej o zabiegu<\/a><\/p>\n<\/div>\n","protected":false},"excerpt":{"rendered":"<p>Efekty zabiegu Kriolipolizy Eliminacja uprorczywego t\u0142uszczu Zmniejszenie obwod\u00f3w Wyszczuplenie obszaru zabiegowego Redukcja wagi KRIOLIPOLIZA to znana r\u00f3wnie\u017c jako wymra\u017canie tkanki t\u0142uszczowej, to zaawansowana technologia przeznaczona do redukcji nadmiaru tkanki t\u0142uszczowej z r\u00f3\u017cnych obszar\u00f3w cia\u0142a poprzez kontrolowane sch\u0142adzanie. Dzi\u0119ki precyzyjnemu dzia\u0142aniu kriolipoliza powoduje naturalny rozpad kom\u00f3rek t\u0142uszczowych, co prowadzi do ich stopniowego usuni\u0119cia z organizmu, bez [&hellip;]<\/p>\n","protected":false},"featured_media":764,"comment_status":"open","ping_status":"closed","template":"","meta":{"_et_pb_use_builder":"","_et_pb_old_content":"","_et_gb_content_width":""},"product_brand":[],"product_cat":[62],"product_tag":[40,68,63,65,64],"class_list":{"0":"post-1311","1":"product","2":"type-product","3":"status-publish","4":"has-post-thumbnail","6":"product_cat-zabiegi-na-cialo","7":"product_tag-antycelluliotowy","8":"product_tag-eliminacja-tluszczu","9":"product_tag-modelowanie-sylwetki","10":"product_tag-odchudzanie","11":"product_tag-redukcja-obwodow","13":"first","14":"instock","15":"shipping-taxable","16":"purchasable","17":"product-type-variable"},"_links":{"self":[{"href":"https:\/\/laser-med.com.pl\/index.php\/wp-json\/wp\/v2\/product\/1311","targetHints":{"allow":["GET"]}}],"collection":[{"href":"https:\/\/laser-med.com.pl\/index.php\/wp-json\/wp\/v2\/product"}],"about":[{"href":"https:\/\/laser-med.com.pl\/index.php\/wp-json\/wp\/v2\/types\/product"}],"replies":[{"embeddable":true,"href":"https:\/\/laser-med.com.pl\/index.php\/wp-json\/wp\/v2\/comments?post=1311"}],"wp:featuredmedia":[{"embeddable":true,"href":"https:\/\/laser-med.com.pl\/index.php\/wp-json\/wp\/v2\/media\/764"}],"wp:attachment":[{"href":"https:\/\/laser-med.com.pl\/index.php\/wp-json\/wp\/v2\/media?parent=1311"}],"wp:term":[{"taxonomy":"product_brand","embeddable":true,"href":"https:\/\/laser-med.com.pl\/index.php\/wp-json\/wp\/v2\/product_brand?post=1311"},{"taxonomy":"product_cat","embeddable":true,"href":"https:\/\/laser-med.com.pl\/index.php\/wp-json\/wp\/v2\/product_cat?post=1311"},{"taxonomy":"product_tag","embeddable":true,"href":"https:\/\/laser-med.com.pl\/index.php\/wp-json\/wp\/v2\/product_tag?post=1311"}],"curies":[{"name":"wp","href":"https:\/\/api.w.org\/{rel}","templated":true}]}}