{"id":1354,"date":"2025-07-10T13:32:32","date_gmt":"2025-07-10T11:32:32","guid":{"rendered":"https:\/\/laser-med.com.pl\/?post_type=product&#038;p=1354"},"modified":"2025-07-10T13:59:42","modified_gmt":"2025-07-10T11:59:42","slug":"bandaze-zabiegi-arosha","status":"publish","type":"product","link":"https:\/\/laser-med.com.pl\/index.php\/produkt\/bandaze-zabiegi-arosha\/","title":{"rendered":"Banda\u017ce, zabiegi AROSHA"},"content":{"rendered":"<h4 class=\"et_pb_module_header\">Efekty zabieg\u00f3w Arosha<\/h4>\n<div class=\"et_pb_blurb_description\">\n<ul>\n<li><span style=\"font-weight: 400;\">Uj\u0119drnienie, zwi\u0119kszenie elastyczno\u015bci, tonizacja sk\u00f3ry, poprawa naturalnego nawil\u017cenia.<\/span><\/li>\n<li style=\"font-weight: 400;\" aria-level=\"1\"><span style=\"font-weight: 400;\">Redukcja cellulitu, wyg\u0142adzenie sk\u00f3ry, poprawa elastyczno\u015bci, zmniejszenie widoczno\u015bci guz\u00f3w podsk\u00f3rnych.<\/span><\/li>\n<li style=\"font-weight: 400;\" aria-level=\"1\"><span style=\"font-weight: 400;\">Drena\u017c limfatyczny, zmniejszenie obrz\u0119k\u00f3w, uczucie lekko\u015bci, detoksykacja organizmu, poprawa kr\u0105\u017cenia.<\/span><\/li>\n<li style=\"font-weight: 400;\" aria-level=\"1\"><span style=\"font-weight: 400;\">Redukcja tkanki t\u0142uszczowej na brzuchu, wyszczuplenie, wymodelowanie sylwetki, poprawa napi\u0119cia sk\u00f3ry.<\/span><\/li>\n<\/ul>\n<h4 class=\"et_pb_module_header\">AROSHA banda\u017ce<br \/>\n<span style=\"color: #666666; font-size: 14px;\"><span style=\"font-weight: 400;\">to zaawansowane terapie modeluj\u0105ce i uj\u0119drniaj\u0105ce cia\u0142o, kt\u00f3re dzia\u0142aj\u0105 na konkretne problemy sk\u00f3rne, takie jak cellulit, nadmiar tkanki t\u0142uszczowej, zatrzymywanie wody w organizmie oraz wiotko\u015b\u0107 sk\u00f3ry. To nieinwazyjne, efektywne i ca\u0142kowicie bezpieczne zabiegi, kt\u00f3re przynosz\u0105 widoczne rezultaty ju\u017c po pierwszych sesjach.<\/span><\/span><\/h4>\n<p><a href=\"https:\/\/laser-med.com.pl\/index.php\/zabiegi-arosha\/\">Wi\u0119cej o zabiegu<\/a><\/p>\n<\/div>\n","protected":false},"excerpt":{"rendered":"<p>Efekty zabieg\u00f3w Arosha Uj\u0119drnienie, zwi\u0119kszenie elastyczno\u015bci, tonizacja sk\u00f3ry, poprawa naturalnego nawil\u017cenia. Redukcja cellulitu, wyg\u0142adzenie sk\u00f3ry, poprawa elastyczno\u015bci, zmniejszenie widoczno\u015bci guz\u00f3w podsk\u00f3rnych. Drena\u017c limfatyczny, zmniejszenie obrz\u0119k\u00f3w, uczucie lekko\u015bci, detoksykacja organizmu, poprawa kr\u0105\u017cenia. Redukcja tkanki t\u0142uszczowej na brzuchu, wyszczuplenie, wymodelowanie sylwetki, poprawa napi\u0119cia sk\u00f3ry. AROSHA banda\u017ce to zaawansowane terapie modeluj\u0105ce i uj\u0119drniaj\u0105ce cia\u0142o, kt\u00f3re dzia\u0142aj\u0105 na konkretne [&hellip;]<\/p>\n","protected":false},"featured_media":441,"comment_status":"open","ping_status":"closed","template":"","meta":{"_et_pb_use_builder":"","_et_pb_old_content":"","_et_gb_content_width":""},"product_brand":[46],"product_cat":[62],"product_tag":[40,67,44,68,63,65,53,49,64,43],"class_list":{"0":"post-1354","1":"product","2":"type-product","3":"status-publish","4":"has-post-thumbnail","6":"product_brand-arosha","7":"product_cat-zabiegi-na-cialo","8":"product_tag-antycelluliotowy","9":"product_tag-drenaz-limfatyczny","10":"product_tag-drenujacy","11":"product_tag-eliminacja-tluszczu","12":"product_tag-modelowanie-sylwetki","13":"product_tag-odchudzanie","14":"product_tag-poprawa-elastycznosci-skory","15":"product_tag-poprawa-jedrnosci-skory","16":"product_tag-redukcja-obwodow","17":"product_tag-ujedrniajacy","19":"first","20":"instock","21":"shipping-taxable","22":"purchasable","23":"product-type-variable"},"_links":{"self":[{"href":"https:\/\/laser-med.com.pl\/index.php\/wp-json\/wp\/v2\/product\/1354","targetHints":{"allow":["GET"]}}],"collection":[{"href":"https:\/\/laser-med.com.pl\/index.php\/wp-json\/wp\/v2\/product"}],"about":[{"href":"https:\/\/laser-med.com.pl\/index.php\/wp-json\/wp\/v2\/types\/product"}],"replies":[{"embeddable":true,"href":"https:\/\/laser-med.com.pl\/index.php\/wp-json\/wp\/v2\/comments?post=1354"}],"wp:featuredmedia":[{"embeddable":true,"href":"https:\/\/laser-med.com.pl\/index.php\/wp-json\/wp\/v2\/media\/441"}],"wp:attachment":[{"href":"https:\/\/laser-med.com.pl\/index.php\/wp-json\/wp\/v2\/media?parent=1354"}],"wp:term":[{"taxonomy":"product_brand","embeddable":true,"href":"https:\/\/laser-med.com.pl\/index.php\/wp-json\/wp\/v2\/product_brand?post=1354"},{"taxonomy":"product_cat","embeddable":true,"href":"https:\/\/laser-med.com.pl\/index.php\/wp-json\/wp\/v2\/product_cat?post=1354"},{"taxonomy":"product_tag","embeddable":true,"href":"https:\/\/laser-med.com.pl\/index.php\/wp-json\/wp\/v2\/product_tag?post=1354"}],"curies":[{"name":"wp","href":"https:\/\/api.w.org\/{rel}","templated":true}]}}