{"id":1404,"date":"2025-07-11T11:28:20","date_gmt":"2025-07-11T09:28:20","guid":{"rendered":"https:\/\/laser-med.com.pl\/?post_type=product&#038;p=1404"},"modified":"2025-07-11T11:43:08","modified_gmt":"2025-07-11T09:43:08","slug":"depilacja-laserowa-trwale-usuwanie-owlosienia","status":"publish","type":"product","link":"https:\/\/laser-med.com.pl\/index.php\/produkt\/depilacja-laserowa-trwale-usuwanie-owlosienia\/","title":{"rendered":"Depilacja Laserowa trwa\u0142e usuwanie ow\u0142osienia"},"content":{"rendered":"<h4 class=\"et_pb_module_header\">Efekty depilacji laserowej<\/h4>\n<div class=\"et_pb_blurb_description\">\n<div class=\"et_pb_blurb_description\">\n<ul>\n<li><b>Trwa\u0142e usuni\u0119cie ow\u0142osienia<\/b>\u00a0\u2013 laser skutecznie niszczy mieszki w\u0142osowe, co prowadzi do ich stopniowego zanikania<\/li>\n<li><b>G\u0142adka i jedwabista sk\u00f3ra<\/b>\u00a0\u2013 bez podra\u017cnie\u0144, wrastaj\u0105cych w\u0142osk\u00f3w i zaczerwienienia po goleniu.<\/li>\n<li><b>Redukcja problem\u00f3w sk\u00f3rnych<\/b>\u00a0\u2013 koniec z wrastaj\u0105cymi w\u0142oskami, zapaleniem mieszk\u00f3w w\u0142osowych czy podra\u017cnieniami po maszynce.<\/li>\n<li><b>Bezpiecze\u0144stwo i komfort<\/b>\u00a0\u2013 nowoczesne lasery pozwalaj\u0105 na precyzyjne usuni\u0119cie ow\u0142osienia bez uszkodzenia sk\u00f3ry.<\/li>\n<li><b>D\u0142ugotrwa\u0142y efekt<\/b>\u00a0\u2013 po serii zabieg\u00f3w w\u0142oski przestaj\u0105 odrasta\u0107, co pozwala cieszy\u0107 si\u0119 g\u0142adk\u0105 sk\u00f3r\u0105 na lata.<\/li>\n<\/ul>\n<\/div>\n<h4 class=\"et_pb_module_header\">Depilacja laserowa Light Sheer<\/h4>\n<div class=\"et_pb_blurb_description\">\n<p>to najskuteczniejsza metoda trwa\u0142ego usuwania ow\u0142osienia, wykorzystuj\u0105ca skoncentrowan\u0105 wi\u0105zk\u0119 \u015bwiat\u0142a do niszczenia mieszk\u00f3w w\u0142osowych. W Laser-Med korzystamy z nowoczesnych technologii laserowych, kt\u00f3re zapewniaj\u0105\u00a0<b>maksymaln\u0105 skuteczno\u015b\u0107 i bezpiecze\u0144stwo<\/b>\u00a0dla ka\u017cdego rodzaju sk\u00f3ry. Dzi\u0119ki ponad\u00a0<b>20-letniemu do\u015bwiadczeniu<\/b>\u00a0w wykonywaniu zabieg\u00f3w depilacji laserowej, gwarantujemy precyzyjne dzia\u0142anie i d\u0142ugotrwa\u0142e efekty<\/p>\n<\/div>\n<p><a href=\"https:\/\/laser-med.com.pl\/index.php\/depilacja-laserowa-light-sheer-lublin\/\">Wi\u0119cej o zabiegu<\/a><\/p>\n<\/div>\n","protected":false},"excerpt":{"rendered":"<p>Efekty depilacji laserowej Trwa\u0142e usuni\u0119cie ow\u0142osienia\u00a0\u2013 laser skutecznie niszczy mieszki w\u0142osowe, co prowadzi do ich stopniowego zanikania G\u0142adka i jedwabista sk\u00f3ra\u00a0\u2013 bez podra\u017cnie\u0144, wrastaj\u0105cych w\u0142osk\u00f3w i zaczerwienienia po goleniu. Redukcja problem\u00f3w sk\u00f3rnych\u00a0\u2013 koniec z wrastaj\u0105cymi w\u0142oskami, zapaleniem mieszk\u00f3w w\u0142osowych czy podra\u017cnieniami po maszynce. Bezpiecze\u0144stwo i komfort\u00a0\u2013 nowoczesne lasery pozwalaj\u0105 na precyzyjne usuni\u0119cie ow\u0142osienia bez uszkodzenia [&hellip;]<\/p>\n","protected":false},"featured_media":1407,"comment_status":"open","ping_status":"closed","template":"","meta":{"_et_pb_use_builder":"","_et_pb_old_content":"","_et_gb_content_width":""},"product_brand":[],"product_cat":[27,62],"product_tag":[22,34,41],"class_list":{"0":"post-1404","1":"product","2":"type-product","3":"status-publish","4":"has-post-thumbnail","6":"product_cat-zabiegi-laserowe","7":"product_cat-zabiegi-na-cialo","8":"product_tag-depilacja","9":"product_tag-pielegnacja-skory","10":"product_tag-wygladzajacy","12":"first","13":"instock","14":"shipping-taxable","15":"purchasable","16":"product-type-variable"},"_links":{"self":[{"href":"https:\/\/laser-med.com.pl\/index.php\/wp-json\/wp\/v2\/product\/1404","targetHints":{"allow":["GET"]}}],"collection":[{"href":"https:\/\/laser-med.com.pl\/index.php\/wp-json\/wp\/v2\/product"}],"about":[{"href":"https:\/\/laser-med.com.pl\/index.php\/wp-json\/wp\/v2\/types\/product"}],"replies":[{"embeddable":true,"href":"https:\/\/laser-med.com.pl\/index.php\/wp-json\/wp\/v2\/comments?post=1404"}],"wp:featuredmedia":[{"embeddable":true,"href":"https:\/\/laser-med.com.pl\/index.php\/wp-json\/wp\/v2\/media\/1407"}],"wp:attachment":[{"href":"https:\/\/laser-med.com.pl\/index.php\/wp-json\/wp\/v2\/media?parent=1404"}],"wp:term":[{"taxonomy":"product_brand","embeddable":true,"href":"https:\/\/laser-med.com.pl\/index.php\/wp-json\/wp\/v2\/product_brand?post=1404"},{"taxonomy":"product_cat","embeddable":true,"href":"https:\/\/laser-med.com.pl\/index.php\/wp-json\/wp\/v2\/product_cat?post=1404"},{"taxonomy":"product_tag","embeddable":true,"href":"https:\/\/laser-med.com.pl\/index.php\/wp-json\/wp\/v2\/product_tag?post=1404"}],"curies":[{"name":"wp","href":"https:\/\/api.w.org\/{rel}","templated":true}]}}