{"id":1439,"date":"2025-07-11T14:11:35","date_gmt":"2025-07-11T12:11:35","guid":{"rendered":"https:\/\/laser-med.com.pl\/?post_type=product&#038;p=1439"},"modified":"2025-07-11T14:22:42","modified_gmt":"2025-07-11T12:22:42","slug":"resurfing-laserowe-odmladzanie-i-zageszczanie-skory","status":"publish","type":"product","link":"https:\/\/laser-med.com.pl\/index.php\/produkt\/resurfing-laserowe-odmladzanie-i-zageszczanie-skory\/","title":{"rendered":"Resurfing &#8211; laserowe odm\u0142adzanie i zag\u0119szczanie sk\u00f3ry"},"content":{"rendered":"<h4 class=\"et_pb_module_header et-fb-editable-element et-fb-editable-element__editing\" contenteditable=\"true\" data-shortcode-id=\"0.1.1.0-1746701296369\" data-quickaccess-id=\"header\">Efekty zabiegu Resurfing &#8211; laserowe odm\u0142adzanie i zag\u0119szczanie sk\u00f3ry<\/h4>\n<div class=\"et_pb_blurb_description\">\n<ul>\n<li><span style=\"font-weight: 400;\">wyra\u017ane <strong>zag\u0119szczenie i uj\u0119drnienie<\/strong> sk\u00f3ry,<\/span><span style=\"font-weight: 400;\"><br \/>\n<\/span><\/li>\n<li style=\"font-weight: 400;\" aria-level=\"1\"><span style=\"font-weight: 400;\"><strong>redukcja wiotko\u015bci<\/strong> sk\u00f3ry (np. na ramionach, brzuchu, udach),<\/span><span style=\"font-weight: 400;\"><br \/>\n<\/span><\/li>\n<li style=\"font-weight: 400;\" aria-level=\"1\"><span style=\"font-weight: 400;\">poprawa<strong> napi\u0119cia i wyg\u0142adzenie<\/strong> powierzchni sk\u00f3ry,<\/span><span style=\"font-weight: 400;\"><br \/>\n<\/span><\/li>\n<li style=\"font-weight: 400;\" aria-level=\"1\"><span style=\"font-weight: 400;\"><strong>zmniejszenie<\/strong> widoczno\u015bci<strong> rozst\u0119p\u00f3w<\/strong>, <strong>blizn<\/strong> i <strong>nier\u00f3wno\u015bci,<\/strong><\/span><span style=\"font-weight: 400;\"><br \/>\n<\/span><\/li>\n<li style=\"font-weight: 400;\" aria-level=\"1\"><span style=\"font-weight: 400;\">wyr\u00f3wnanie kolorytu i <strong>poprawa<\/strong> og\u00f3lnej <strong>jako\u015bci<\/strong> sk\u00f3ry.<\/span><\/li>\n<\/ul>\n<\/div>\n<h4 class=\"et_pb_module_header\">RESURFING, <span style=\"color: #666666; font-size: 14px;\">to<span style=\"font-weight: 400;\">\u00a0nowoczesna metoda laserowego odm\u0142adzania sk\u00f3ry, kt\u00f3ra intensywnie przebudowuje jej struktur\u0119. Dzia\u0142a w spos\u00f3b frakcyjny, czyli precyzyjnie uszkadza mikroobszary sk\u00f3ry, pobudzaj\u0105c silne procesy regeneracyjne. Zabieg pozwala na popraw\u0119 j\u0119drno\u015bci, elastyczno\u015bci oraz jako\u015bci sk\u00f3ry cia\u0142a \u2013 bez konieczno\u015bci ingerencji chirurgicznej.<\/span><\/span><\/h4>\n<p><a href=\"https:\/\/laser-med.com.pl\/index.php\/laserowe-odmladzanie-i-zageszczanie-skory-resufing\/\">wi\u0119cej o zabiegu<\/a><\/p>\n<p>&nbsp;<\/p>\n","protected":false},"excerpt":{"rendered":"<p>Efekty zabiegu Resurfing &#8211; laserowe odm\u0142adzanie i zag\u0119szczanie sk\u00f3ry wyra\u017ane zag\u0119szczenie i uj\u0119drnienie sk\u00f3ry, redukcja wiotko\u015bci sk\u00f3ry (np. na ramionach, brzuchu, udach), poprawa napi\u0119cia i wyg\u0142adzenie powierzchni sk\u00f3ry, zmniejszenie widoczno\u015bci rozst\u0119p\u00f3w, blizn i nier\u00f3wno\u015bci, wyr\u00f3wnanie kolorytu i poprawa og\u00f3lnej jako\u015bci sk\u00f3ry. RESURFING, to\u00a0nowoczesna metoda laserowego odm\u0142adzania sk\u00f3ry, kt\u00f3ra intensywnie przebudowuje jej struktur\u0119. Dzia\u0142a w spos\u00f3b [&hellip;]<\/p>\n","protected":false},"featured_media":1432,"comment_status":"open","ping_status":"closed","template":"","meta":{"_et_pb_use_builder":"","_et_pb_old_content":"","_et_gb_content_width":""},"product_brand":[],"product_cat":[27,62],"product_tag":[51,53,49],"class_list":{"0":"post-1439","1":"product","2":"type-product","3":"status-publish","4":"has-post-thumbnail","6":"product_cat-zabiegi-laserowe","7":"product_cat-zabiegi-na-cialo","8":"product_tag-odmlodzenie","9":"product_tag-poprawa-elastycznosci-skory","10":"product_tag-poprawa-jedrnosci-skory","12":"first","13":"instock","14":"shipping-taxable","15":"purchasable","16":"product-type-variable"},"_links":{"self":[{"href":"https:\/\/laser-med.com.pl\/index.php\/wp-json\/wp\/v2\/product\/1439","targetHints":{"allow":["GET"]}}],"collection":[{"href":"https:\/\/laser-med.com.pl\/index.php\/wp-json\/wp\/v2\/product"}],"about":[{"href":"https:\/\/laser-med.com.pl\/index.php\/wp-json\/wp\/v2\/types\/product"}],"replies":[{"embeddable":true,"href":"https:\/\/laser-med.com.pl\/index.php\/wp-json\/wp\/v2\/comments?post=1439"}],"wp:featuredmedia":[{"embeddable":true,"href":"https:\/\/laser-med.com.pl\/index.php\/wp-json\/wp\/v2\/media\/1432"}],"wp:attachment":[{"href":"https:\/\/laser-med.com.pl\/index.php\/wp-json\/wp\/v2\/media?parent=1439"}],"wp:term":[{"taxonomy":"product_brand","embeddable":true,"href":"https:\/\/laser-med.com.pl\/index.php\/wp-json\/wp\/v2\/product_brand?post=1439"},{"taxonomy":"product_cat","embeddable":true,"href":"https:\/\/laser-med.com.pl\/index.php\/wp-json\/wp\/v2\/product_cat?post=1439"},{"taxonomy":"product_tag","embeddable":true,"href":"https:\/\/laser-med.com.pl\/index.php\/wp-json\/wp\/v2\/product_tag?post=1439"}],"curies":[{"name":"wp","href":"https:\/\/api.w.org\/{rel}","templated":true}]}}