{"id":1497,"date":"2025-07-14T13:53:40","date_gmt":"2025-07-14T11:53:40","guid":{"rendered":"https:\/\/laser-med.com.pl\/?post_type=product&#038;p=1497"},"modified":"2025-11-20T21:48:09","modified_gmt":"2025-11-20T20:48:09","slug":"resurhair-laserowa-stymulacja-wzrostu-wlosow","status":"publish","type":"product","link":"https:\/\/laser-med.com.pl\/index.php\/produkt\/resurhair-laserowa-stymulacja-wzrostu-wlosow\/","title":{"rendered":"ResurHair &#8211; Laserowa Stymulacja Wzrostu W\u0142os\u00f3w"},"content":{"rendered":"<h4 class=\"et_pb_module_header et-fb-editable-element et-fb-editable-element__editing\" contenteditable=\"true\" data-shortcode-id=\"0.1.1.0-1746701296369\" data-quickaccess-id=\"header\">Efekty zabiegu ResurHair &#8211; laserowa stumulacja wzrostu w\u0142os\u00f3w<\/h4>\n<div class=\"et_pb_blurb_description\">\n<ul>\n<li><span style=\"font-weight: 400;\"><strong>Zag\u0119szczenie w\u0142os\u00f3w<\/strong> i widoczna poprawa ich g\u0119sto\u015bci.<\/span><\/li>\n<li style=\"font-weight: 400;\" aria-level=\"1\"><span style=\"font-weight: 400;\"><strong>Redukcja<\/strong> nadmiernego <strong>wypadania<\/strong> w\u0142os\u00f3w.<\/span><\/li>\n<li><span style=\"font-weight: 400;\">Porost <strong>nowych w\u0142os\u00f3w<\/strong><\/span><\/li>\n<li><span style=\"font-weight: 400;\"><strong>Przyspieszenie wzrostu<\/strong> w\u0142os\u00f3w<\/span><\/li>\n<li style=\"font-weight: 400;\" aria-level=\"1\"><span style=\"font-weight: 400;\"><strong>Wzmocnienie<\/strong> w\u0142os\u00f3w \u2013 w\u0142osy staj\u0105 si\u0119 grubsze i bardziej odporne na uszkodzenia.<\/span><\/li>\n<li><span style=\"font-weight: 400;\"><strong>Poprawa<\/strong> zdrowia <strong>sk\u00f3ry g\u0142owy<\/strong> \u2013 <strong>zmniejszenie stan\u00f3w zapalnych<\/strong> i poprawa mikrokr\u0105\u017cenia.<\/span><\/li>\n<li><span style=\"font-weight: 400;\"><strong>Przywr\u00f3cenie fazy wzrostu<\/strong> (anagenu) w cyklu \u017cycia w\u0142osa, co sprzyja odrastaniu nowych w\u0142os\u00f3w.<\/span><\/li>\n<li><span style=\"font-weight: 400;\"><strong>Normalizacja<\/strong> czynno\u015bci<strong> gruczo\u0142\u00f3w \u0142ojowych<\/strong><\/span><\/li>\n<\/ul>\n<\/div>\n<h4 class=\"et_pb_module_header\">RESURHAIR, <span style=\"color: #666666; font-size: 14px;\">to Twoja szansa na walk\u0119 z \u0142ysieniem, wypadaniem i przerzedzeniem w\u0142os\u00f3w. Nasza laserowa stymulacja wzrostu w\u0142os\u00f3w to 100% skuteczno\u015bci i bezpiecze\u0144stwa ale to nie tylko technologia, to przede wszystkim droga do odzyskania pewno\u015bci siebie i rado\u015bci z g\u0119stszych w\u0142os\u00f3w.<\/span><\/h4>\n<h4 class=\"content--header\" data-fontsize=\"23\" data-lineheight=\"34\">Ju\u017c <strong>po 2 miesi\u0105cach<\/strong> w\u0142osy s\u0105 wyra\u017anie g\u0119stsze, grubsze, mocniejsze i lepiej uk\u0142adaj\u0105 si\u0119.<\/h4>\n<p class=\"content--header\" data-fontsize=\"23\" data-lineheight=\"34\">Prowadzimy dokumentacj\u0119 przed i po zabiegu dla por\u00f3wnania efekt\u00f3w.<\/p>\n<p><a href=\"https:\/\/laser-med.com.pl\/index.php\/laserowa-stymulacja-wzrostu-wlosa-resurhair\/\">wi\u0119cej o zabiegu<\/a><\/p>\n<p>&nbsp;<\/p>\n","protected":false},"excerpt":{"rendered":"<p>Efekty zabiegu ResurHair &#8211; laserowa stumulacja wzrostu w\u0142os\u00f3w Zag\u0119szczenie w\u0142os\u00f3w i widoczna poprawa ich g\u0119sto\u015bci. Redukcja nadmiernego wypadania w\u0142os\u00f3w. Porost nowych w\u0142os\u00f3w Przyspieszenie wzrostu w\u0142os\u00f3w Wzmocnienie w\u0142os\u00f3w \u2013 w\u0142osy staj\u0105 si\u0119 grubsze i bardziej odporne na uszkodzenia. Poprawa zdrowia sk\u00f3ry g\u0142owy \u2013 zmniejszenie stan\u00f3w zapalnych i poprawa mikrokr\u0105\u017cenia. Przywr\u00f3cenie fazy wzrostu (anagenu) w cyklu \u017cycia [&hellip;]<\/p>\n","protected":false},"featured_media":1457,"comment_status":"open","ping_status":"closed","template":"","meta":{"_et_pb_use_builder":"","_et_pb_old_content":"","_et_gb_content_width":""},"product_brand":[],"product_cat":[27],"product_tag":[77,70,73,74,71,80,79,76,72,75,78],"class_list":{"0":"post-1497","1":"product","2":"type-product","3":"status-publish","4":"has-post-thumbnail","6":"product_cat-zabiegi-laserowe","7":"product_tag-laser-na-wlosy","8":"product_tag-lysienie","9":"product_tag-lysienie-lublin","10":"product_tag-lysienie-plackowate","11":"product_tag-lysnienie-androgenowe","12":"product_tag-porost-wlosow","13":"product_tag-stymulacja-mieszkow-wlosowych","14":"product_tag-terapia-na-porost-wlosow","15":"product_tag-terpia-na-wlosy","16":"product_tag-wypadanie-wlosow-terapia-lublin","17":"product_tag-zageszczanie-wlosow","19":"first","20":"instock","21":"shipping-taxable","22":"purchasable","23":"product-type-variable"},"_links":{"self":[{"href":"https:\/\/laser-med.com.pl\/index.php\/wp-json\/wp\/v2\/product\/1497","targetHints":{"allow":["GET"]}}],"collection":[{"href":"https:\/\/laser-med.com.pl\/index.php\/wp-json\/wp\/v2\/product"}],"about":[{"href":"https:\/\/laser-med.com.pl\/index.php\/wp-json\/wp\/v2\/types\/product"}],"replies":[{"embeddable":true,"href":"https:\/\/laser-med.com.pl\/index.php\/wp-json\/wp\/v2\/comments?post=1497"}],"wp:featuredmedia":[{"embeddable":true,"href":"https:\/\/laser-med.com.pl\/index.php\/wp-json\/wp\/v2\/media\/1457"}],"wp:attachment":[{"href":"https:\/\/laser-med.com.pl\/index.php\/wp-json\/wp\/v2\/media?parent=1497"}],"wp:term":[{"taxonomy":"product_brand","embeddable":true,"href":"https:\/\/laser-med.com.pl\/index.php\/wp-json\/wp\/v2\/product_brand?post=1497"},{"taxonomy":"product_cat","embeddable":true,"href":"https:\/\/laser-med.com.pl\/index.php\/wp-json\/wp\/v2\/product_cat?post=1497"},{"taxonomy":"product_tag","embeddable":true,"href":"https:\/\/laser-med.com.pl\/index.php\/wp-json\/wp\/v2\/product_tag?post=1497"}],"curies":[{"name":"wp","href":"https:\/\/api.w.org\/{rel}","templated":true}]}}