{"id":1830,"date":"2026-02-01T22:21:54","date_gmt":"2026-02-01T21:21:54","guid":{"rendered":"https:\/\/laser-med.com.pl\/?post_type=product&#038;p=1830"},"modified":"2026-02-11T00:48:21","modified_gmt":"2026-02-10T23:48:21","slug":"mezoterapia-oka-it-pharma-inbioregen","status":"publish","type":"product","link":"https:\/\/laser-med.com.pl\/index.php\/produkt\/mezoterapia-oka-it-pharma-inbioregen\/","title":{"rendered":"MEZOTERAPIA OKA | IT Pharma \u2013 Inbioregen"},"content":{"rendered":"<p><span style=\"font-weight: 400;\">MEZOTERAPIA OKA | IT Pharma \u2013 Inbioregen<\/span><\/p>\n<p><span style=\"font-weight: 400;\">Profesjonalna rewitalizacja delikatnej okolicy oka. Preparat Inbioregen to koktajl biomimetycznych peptyd\u00f3w, kt\u00f3re intensywnie regeneruj\u0105, uj\u0119drniaj\u0105 i od\u015bwie\u017caj\u0105 sk\u00f3r\u0119 pod oczami.<\/span><\/p>\n<p><span style=\"font-weight: 400;\">W sk\u0142adzie m.in.:<\/span><\/p>\n<ul>\n<li><span style=\"font-weight: 400;\"> Acetyl Octapeptide-3 (SNAP-8) \u2013 wyg\u0142adzenie linii mimicznych<\/span><\/li>\n<li><span style=\"font-weight: 400;\"> Decapeptide-4 \u2013 wsparcie produkcji kolagenu i elastyny<\/span><\/li>\n<li><span style=\"font-weight: 400;\"> Copper Tripeptide-1 \u2013 silna regeneracja i odbudowa<\/span><\/li>\n<\/ul>\n<p><span style=\"font-weight: 400;\">\ud83d\udca5 Efekt: bardziej napi\u0119ta, g\u0142adka i roz\u015bwietlona okolica oka<\/span><\/p>\n","protected":false},"excerpt":{"rendered":"<p>MEZOTERAPIA OKA | IT Pharma \u2013 Inbioregen Profesjonalna rewitalizacja delikatnej okolicy oka. Preparat Inbioregen to koktajl biomimetycznych peptyd\u00f3w, kt\u00f3re intensywnie regeneruj\u0105, uj\u0119drniaj\u0105 i od\u015bwie\u017caj\u0105 sk\u00f3r\u0119 pod oczami. W sk\u0142adzie m.in.: Acetyl Octapeptide-3 (SNAP-8) \u2013 wyg\u0142adzenie linii mimicznych Decapeptide-4 \u2013 wsparcie produkcji kolagenu i elastyny Copper Tripeptide-1 \u2013 silna regeneracja i odbudowa \ud83d\udca5 Efekt: bardziej napi\u0119ta, [&hellip;]<\/p>\n","protected":false},"featured_media":1831,"comment_status":"closed","ping_status":"closed","template":"","meta":{"_et_pb_use_builder":"","_et_pb_old_content":"","_et_gb_content_width":""},"product_brand":[83],"product_cat":[23],"product_tag":[],"class_list":{"0":"post-1830","1":"product","2":"type-product","3":"status-publish","4":"has-post-thumbnail","6":"product_brand-it-pharma","7":"product_cat-zabiegi-na-twarz","9":"first","10":"instock","11":"shipping-taxable","12":"purchasable","13":"product-type-variable"},"_links":{"self":[{"href":"https:\/\/laser-med.com.pl\/index.php\/wp-json\/wp\/v2\/product\/1830","targetHints":{"allow":["GET"]}}],"collection":[{"href":"https:\/\/laser-med.com.pl\/index.php\/wp-json\/wp\/v2\/product"}],"about":[{"href":"https:\/\/laser-med.com.pl\/index.php\/wp-json\/wp\/v2\/types\/product"}],"replies":[{"embeddable":true,"href":"https:\/\/laser-med.com.pl\/index.php\/wp-json\/wp\/v2\/comments?post=1830"}],"wp:featuredmedia":[{"embeddable":true,"href":"https:\/\/laser-med.com.pl\/index.php\/wp-json\/wp\/v2\/media\/1831"}],"wp:attachment":[{"href":"https:\/\/laser-med.com.pl\/index.php\/wp-json\/wp\/v2\/media?parent=1830"}],"wp:term":[{"taxonomy":"product_brand","embeddable":true,"href":"https:\/\/laser-med.com.pl\/index.php\/wp-json\/wp\/v2\/product_brand?post=1830"},{"taxonomy":"product_cat","embeddable":true,"href":"https:\/\/laser-med.com.pl\/index.php\/wp-json\/wp\/v2\/product_cat?post=1830"},{"taxonomy":"product_tag","embeddable":true,"href":"https:\/\/laser-med.com.pl\/index.php\/wp-json\/wp\/v2\/product_tag?post=1830"}],"curies":[{"name":"wp","href":"https:\/\/api.w.org\/{rel}","templated":true}]}}