{"id":1872,"date":"2026-02-16T11:21:01","date_gmt":"2026-02-16T10:21:01","guid":{"rendered":"https:\/\/laser-med.com.pl\/?post_type=product&#038;p=1872"},"modified":"2026-02-16T11:23:30","modified_gmt":"2026-02-16T10:23:30","slug":"cellulit-stop-pakiet-ii-terapia-laczona-na-cellulit-i-i-ii-stopnia-tluszczowy-i-tluszczowo-wodny","status":"publish","type":"product","link":"https:\/\/laser-med.com.pl\/index.php\/produkt\/cellulit-stop-pakiet-ii-terapia-laczona-na-cellulit-i-i-ii-stopnia-tluszczowy-i-tluszczowo-wodny\/","title":{"rendered":"CELLULIT STOP &#8211; PAKIET II &#8211; Terapia \u0142\u0105czona na cellulit I i II stopnia &#8211; t\u0142uszczowy i t\u0142uszczowo-wodny"},"content":{"rendered":"<h2><span style=\"font-weight: 400;\">To co zrobisz zim\u0105 dla cia\u0142a, odkryje lato.<\/span><\/h2>\n<p><span style=\"font-weight: 400;\">Cellulit t\u0142uszczowy i mieszany powstaje w wyniku nadmiaru tkanki t\u0142uszczowej, zaburze\u0144 metabolizmu oraz os\u0142abienia struktury sk\u00f3ry. W takich przypadkach eliminacja i likwidacja tkanki cellulitowej wymaga precyzyjnie zaplanowanej terapii, kt\u00f3ra nie uznaje kompromis\u00f3w. Wymaga bardziej intensywnego dzia\u0142ania, poniewa\u017c zmiany s\u0105 ju\u017c widoczne bez ucisku.<\/span><\/p>\n<p><span style=\"font-weight: 400;\">Cellulit STOP \u2013 mistrzowskie terapie \u0142\u0105czone 2026 bazuj\u0105 na synergii dzia\u0142ania r\u00f3\u017cnych technologii, kt\u00f3re jednocze\u015bnie redukuj\u0105 tkank\u0119 t\u0142uszczow\u0105, poprawiaj\u0105 kr\u0105\u017cenie i odbudowuj\u0105 j\u0119drno\u015b\u0107 sk\u00f3ry.<\/span><\/p>\n<h2><span style=\"font-weight: 400;\">Jak rozpozna\u0107 cellulit t\u0142uszczowy (II stopie\u0144)?<\/span><\/h2>\n<ul>\n<li style=\"font-weight: 400;\" aria-level=\"1\"><span style=\"font-weight: 400;\">\u201esk\u00f3rka pomara\u0144czowa\u201d widoczna w pozycji stoj\u0105cej<\/span><\/li>\n<li style=\"font-weight: 400;\" aria-level=\"1\"><span style=\"font-weight: 400;\">nier\u00f3wna powierzchnia sk\u00f3ry bez konieczno\u015bci ucisku<\/span><\/li>\n<li style=\"font-weight: 400;\" aria-level=\"1\"><span style=\"font-weight: 400;\">lokalne nagromadzenie tkanki t\u0142uszczowej<\/span><\/li>\n<li style=\"font-weight: 400;\" aria-level=\"1\"><span style=\"font-weight: 400;\">utrata elastyczno\u015bci<\/span><\/li>\n<li style=\"font-weight: 400;\" aria-level=\"1\"><span style=\"font-weight: 400;\">sk\u00f3ra mniej spr\u0119\u017cysta w dotyku<\/span><\/li>\n<\/ul>\n<p><span style=\"font-weight: 400;\">Cz\u0119sto towarzyszy mu cellulit wodny \u2014 dlatego m\u00f3wimy o formie mieszanej.<\/span><\/p>\n<h3><span style=\"font-weight: 400;\">Dla kogo jest ten pakiet?<\/span><\/h3>\n<p><span style=\"font-weight: 400;\">Pakiet polecany jest osobom z:<\/span><\/p>\n<ul>\n<li style=\"font-weight: 400;\" aria-level=\"1\"><span style=\"font-weight: 400;\">cellulitem t\u0142uszczowym<\/span><\/li>\n<li style=\"font-weight: 400;\" aria-level=\"1\"><span style=\"font-weight: 400;\">cellulitem mieszanym<\/span><\/li>\n<li style=\"font-weight: 400;\" aria-level=\"1\"><span style=\"font-weight: 400;\">lokaln\u0105 tkank\u0105 t\u0142uszczow\u0105<\/span><\/li>\n<li style=\"font-weight: 400;\" aria-level=\"1\"><span style=\"font-weight: 400;\">utrat\u0105 elastyczno\u015bci sk\u00f3ry<\/span><\/li>\n<li style=\"font-weight: 400;\" aria-level=\"1\"><span style=\"font-weight: 400;\">widoczn\u0105 \u201esk\u00f3rk\u0105 pomara\u0144czow\u0105\u201d<\/span><\/li>\n<\/ul>\n<p><span style=\"font-weight: 400;\">Pakiet obejmuje 18 zabieg\u00f3w:<\/span><\/p>\n<ul>\n<li style=\"font-weight: 400;\" aria-level=\"1\"><span style=\"font-weight: 400;\">6 \u00d7 Kosmiczne Odchudzanie (30 minut)<\/span><\/li>\n<li style=\"font-weight: 400;\" aria-level=\"1\"><span style=\"font-weight: 400;\">6 \u00d7 Endermologia (60 minut)<\/span><\/li>\n<li style=\"font-weight: 400;\" aria-level=\"1\"><span style=\"font-weight: 400;\">6 \u00d7 Arosha Pants<\/span><\/li>\n<\/ul>\n<p><span style=\"font-weight: 400;\">Cena pakietu: 2330 z\u0142 zamiast 3080 z\u0142.<\/span><\/p>\n<h2><span style=\"font-weight: 400;\">Do ka\u017cdego pakietu Fala Radiowa Venus Concept -50% na zabieg.\u00a0<\/span><\/h2>\n<p>W przypadku cellulitu I stopnia sugerujemy 2-4 zabiegi Fali Radiowej. Zapraszamy na konsultacje. Zabiegi Fali radiowej z rabatem 50% do kupienia na miejscu w gabinecie.<\/p>\n<h2><span style=\"font-weight: 400;\">Efekty terapii<\/span><\/h2>\n<ul>\n<li style=\"font-weight: 400;\" aria-level=\"1\"><span style=\"font-weight: 400;\">redukcja tkanki t\u0142uszczowej<\/span><\/li>\n<li style=\"font-weight: 400;\" aria-level=\"1\"><span style=\"font-weight: 400;\">zmniejszenie widoczno\u015bci cellulitu<\/span><\/li>\n<li style=\"font-weight: 400;\" aria-level=\"1\"><span style=\"font-weight: 400;\">poprawa napi\u0119cia sk\u00f3ry<\/span><\/li>\n<li style=\"font-weight: 400;\" aria-level=\"1\"><span style=\"font-weight: 400;\">wyszczuplenie obwod\u00f3w<\/span><\/li>\n<li style=\"font-weight: 400;\" aria-level=\"1\"><span style=\"font-weight: 400;\">wyg\u0142adzenie i poprawa struktury<\/span><\/li>\n<\/ul>\n<p><span style=\"font-weight: 400;\">To pakiet dla os\u00f3b, kt\u00f3re chc\u0105 realnej zmiany sylwetki przed sezonem letnim.<\/span><\/p>\n<h3><span style=\"font-weight: 400;\">Jak dzia\u0142a terapia \u0142\u0105czona?<\/span><\/h3>\n<p><span style=\"font-weight: 400;\">Zastosowanie odpowiednich technologii w terapii \u0142\u0105czonej pozwala jednocze\u015bnie redukowa\u0107 tkank\u0119 t\u0142uszczow\u0105, usprawnia\u0107 drena\u017c i poprawia\u0107 struktur\u0119 sk\u00f3ry. Dzi\u0119ki personalizacji oraz analizie potrzeb cia\u0142a efekty pojawiaj\u0105 si\u0119 szybko i utrzymuj\u0105 si\u0119 d\u0142ugoterminowo.<\/span><\/p>\n","protected":false},"excerpt":{"rendered":"<p>To co zrobisz zim\u0105 dla cia\u0142a, odkryje lato. Cellulit t\u0142uszczowy i mieszany powstaje w wyniku nadmiaru tkanki t\u0142uszczowej, zaburze\u0144 metabolizmu oraz os\u0142abienia struktury sk\u00f3ry. W takich przypadkach eliminacja i likwidacja tkanki cellulitowej wymaga precyzyjnie zaplanowanej terapii, kt\u00f3ra nie uznaje kompromis\u00f3w. Wymaga bardziej intensywnego dzia\u0142ania, poniewa\u017c zmiany s\u0105 ju\u017c widoczne bez ucisku. Cellulit STOP \u2013 mistrzowskie [&hellip;]<\/p>\n","protected":false},"featured_media":1236,"comment_status":"closed","ping_status":"closed","template":"","meta":{"_et_pb_use_builder":"","_et_pb_old_content":"","_et_gb_content_width":""},"product_brand":[46,47],"product_cat":[28,62,31],"product_tag":[],"class_list":{"0":"post-1872","1":"product","2":"type-product","3":"status-publish","4":"has-post-thumbnail","6":"product_brand-arosha","7":"product_brand-venus-concept","8":"product_cat-terapia-laczona","9":"product_cat-zabiegi-na-cialo","10":"product_cat-promocja","12":"first","13":"instock","14":"sale","15":"shipping-taxable","16":"purchasable","17":"product-type-simple"},"_links":{"self":[{"href":"https:\/\/laser-med.com.pl\/index.php\/wp-json\/wp\/v2\/product\/1872","targetHints":{"allow":["GET"]}}],"collection":[{"href":"https:\/\/laser-med.com.pl\/index.php\/wp-json\/wp\/v2\/product"}],"about":[{"href":"https:\/\/laser-med.com.pl\/index.php\/wp-json\/wp\/v2\/types\/product"}],"replies":[{"embeddable":true,"href":"https:\/\/laser-med.com.pl\/index.php\/wp-json\/wp\/v2\/comments?post=1872"}],"wp:featuredmedia":[{"embeddable":true,"href":"https:\/\/laser-med.com.pl\/index.php\/wp-json\/wp\/v2\/media\/1236"}],"wp:attachment":[{"href":"https:\/\/laser-med.com.pl\/index.php\/wp-json\/wp\/v2\/media?parent=1872"}],"wp:term":[{"taxonomy":"product_brand","embeddable":true,"href":"https:\/\/laser-med.com.pl\/index.php\/wp-json\/wp\/v2\/product_brand?post=1872"},{"taxonomy":"product_cat","embeddable":true,"href":"https:\/\/laser-med.com.pl\/index.php\/wp-json\/wp\/v2\/product_cat?post=1872"},{"taxonomy":"product_tag","embeddable":true,"href":"https:\/\/laser-med.com.pl\/index.php\/wp-json\/wp\/v2\/product_tag?post=1872"}],"curies":[{"name":"wp","href":"https:\/\/api.w.org\/{rel}","templated":true}]}}