{"id":936,"date":"2025-04-26T17:31:26","date_gmt":"2025-04-26T15:31:26","guid":{"rendered":"https:\/\/laser-med.com.pl\/?post_type=product&#038;p=936"},"modified":"2025-04-26T21:44:43","modified_gmt":"2025-04-26T19:44:43","slug":"oxybrazja-peeling-wodno-tlenowy","status":"publish","type":"product","link":"https:\/\/laser-med.com.pl\/index.php\/produkt\/oxybrazja-peeling-wodno-tlenowy\/","title":{"rendered":"Oxybrazja peeling wodno-tlenowy"},"content":{"rendered":"<h4 class=\"et_pb_module_header\">Efekty zabiegu oxybrazji<\/h4>\n<div class=\"et_pb_blurb_description\">\n<ul>\n<li aria-level=\"1\">G\u0142\u0119bokie oczyszczenie sk\u00f3ry,<\/li>\n<li aria-level=\"1\">Redukcja zask\u00f3rnik\u00f3w i zmniejszenie por\u00f3w,<\/li>\n<li aria-level=\"1\">Nawil\u017cenie i od\u015bwie\u017cenie cery,<\/li>\n<li aria-level=\"1\">Poprawa kolorytu sk\u00f3ry i przywr\u00f3cenie jej naturalnego blasku,<\/li>\n<li aria-level=\"1\">Z\u0142agodzenie stan\u00f3w zapalnych,<\/li>\n<li aria-level=\"1\">Wyg\u0142adzenie sk\u00f3ry, poprawa jej struktury,<\/li>\n<li aria-level=\"1\">Przygotowanie sk\u00f3ry do bardziej zaawansowanych zabieg\u00f3w piel\u0119gnacyjnych.<\/li>\n<\/ul>\n<h4 class=\"et_pb_module_header\">OXYBRAZJA,<br \/>\n<span style=\"color: #666666; font-size: 14px;\">znana r\u00f3wnie\u017c jako mikrodermabrazja wodno-tlenowa, to nowoczesny i delikatny zabieg oczyszczaj\u0105cy sk\u00f3r\u0119, kt\u00f3ry jednocze\u015bnie intensywnie j\u0105 nawil\u017ca i od\u015bwie\u017ca. W Laser-Med oferujemy oxybrazj\u0119 jako skuteczn\u0105 metod\u0119 piel\u0119gnacji, szczeg\u00f3lnie polecan\u0105 w okresie letnim oraz dla os\u00f3b z wra\u017cliw\u0105, such\u0105 lub sk\u0142onn\u0105 do podra\u017cnie\u0144 sk\u00f3r\u0105.<\/span><\/h4>\n<p><a href=\"https:\/\/laser-med.com.pl\/index.php\/oxybrazja\/\" rel=\"noopener\">Wi\u0119cej o zabiegu<\/a><\/p>\n<\/div>\n","protected":false},"excerpt":{"rendered":"<p>oczyszczenie, od\u015bwie\u017cenie, nawil\u017cenie sk\u00f3ry<\/p>\n","protected":false},"featured_media":462,"comment_status":"open","ping_status":"closed","template":"","meta":{"_et_pb_use_builder":"","_et_pb_old_content":"","_et_gb_content_width":""},"product_brand":[],"product_cat":[23],"product_tag":[33,32,39,34,38,36,37,35],"class_list":{"0":"post-936","1":"product","2":"type-product","3":"status-publish","4":"has-post-thumbnail","6":"product_cat-zabiegi-na-twarz","7":"product_tag-nawilzenie","8":"product_tag-oczyszczenie-skory","9":"product_tag-peeling","10":"product_tag-pielegnacja-skory","11":"product_tag-redukcja-zmarszczek","12":"product_tag-rozswietlenie-skory","13":"product_tag-twarz","14":"product_tag-wygladzenie","16":"first","17":"instock","18":"shipping-taxable","19":"purchasable","20":"product-type-simple"},"_links":{"self":[{"href":"https:\/\/laser-med.com.pl\/index.php\/wp-json\/wp\/v2\/product\/936","targetHints":{"allow":["GET"]}}],"collection":[{"href":"https:\/\/laser-med.com.pl\/index.php\/wp-json\/wp\/v2\/product"}],"about":[{"href":"https:\/\/laser-med.com.pl\/index.php\/wp-json\/wp\/v2\/types\/product"}],"replies":[{"embeddable":true,"href":"https:\/\/laser-med.com.pl\/index.php\/wp-json\/wp\/v2\/comments?post=936"}],"wp:featuredmedia":[{"embeddable":true,"href":"https:\/\/laser-med.com.pl\/index.php\/wp-json\/wp\/v2\/media\/462"}],"wp:attachment":[{"href":"https:\/\/laser-med.com.pl\/index.php\/wp-json\/wp\/v2\/media?parent=936"}],"wp:term":[{"taxonomy":"product_brand","embeddable":true,"href":"https:\/\/laser-med.com.pl\/index.php\/wp-json\/wp\/v2\/product_brand?post=936"},{"taxonomy":"product_cat","embeddable":true,"href":"https:\/\/laser-med.com.pl\/index.php\/wp-json\/wp\/v2\/product_cat?post=936"},{"taxonomy":"product_tag","embeddable":true,"href":"https:\/\/laser-med.com.pl\/index.php\/wp-json\/wp\/v2\/product_tag?post=936"}],"curies":[{"name":"wp","href":"https:\/\/api.w.org\/{rel}","templated":true}]}}