{"id":947,"date":"2025-04-26T20:32:39","date_gmt":"2025-04-26T18:32:39","guid":{"rendered":"https:\/\/laser-med.com.pl\/?post_type=product&#038;p=947"},"modified":"2025-04-26T20:33:58","modified_gmt":"2025-04-26T18:33:58","slug":"endermologia-na-twarz","status":"publish","type":"product","link":"https:\/\/laser-med.com.pl\/index.php\/produkt\/endermologia-na-twarz\/","title":{"rendered":"Endermologia na twarz"},"content":{"rendered":"<h4 class=\"et_pb_module_header\">Efekty zabiegu Endremologii na twarz<\/h4>\n<div class=\"et_pb_blurb_description\">\n<ul>\n<li>Widoczny lifting i poprawa owalu twarzy.<\/li>\n<li aria-level=\"1\">Redukcja zmarszczek i linii mimicznych.<\/li>\n<li aria-level=\"1\">Poprawa j\u0119drno\u015bci i elastyczno\u015bci sk\u00f3ry.<\/li>\n<li aria-level=\"1\">Rozja\u015bnienie sk\u00f3ry i wyr\u00f3wnanie kolorytu.<\/li>\n<li aria-level=\"1\">Wyg\u0142adzenie i zmniejszenie por\u00f3w.<\/li>\n<\/ul>\n<h4 class=\"et_pb_module_header\">Endermologia na twarz,<br \/>\n<span style=\"color: #666666; font-size: 14px;\">to zaawansowany zabieg endomasa\u017cu, kt\u00f3ry dzia\u0142a na g\u0142\u0119bsze warstwy sk\u00f3ry, poprawiaj\u0105c jej elastyczno\u015b\u0107, j\u0119drno\u015b\u0107 i g\u0142adko\u015b\u0107. To bezinwazyjna metoda liftingu, kt\u00f3ra stymuluje produkcj\u0119 kolagenu i elastyny, odm\u0142adzaj\u0105c sk\u00f3r\u0119 w spos\u00f3b widoczny i d\u0142ugotrwa\u0142y.<\/span><\/h4>\n<p><a href=\"https:\/\/laser-med.com.pl\/index.php\/endermologia-na-twarz\/\">Wi\u0119cej o zabiegu<\/a><\/p>\n<\/div>\n","protected":false},"excerpt":{"rendered":"<p>Efekty zabiegu Endremologii na twarz Widoczny lifting i poprawa owalu twarzy. Redukcja zmarszczek i linii mimicznych. Poprawa j\u0119drno\u015bci i elastyczno\u015bci sk\u00f3ry. Rozja\u015bnienie sk\u00f3ry i wyr\u00f3wnanie kolorytu. Wyg\u0142adzenie i zmniejszenie por\u00f3w. Endermologia na twarz, to zaawansowany zabieg endomasa\u017cu, kt\u00f3ry dzia\u0142a na g\u0142\u0119bsze warstwy sk\u00f3ry, poprawiaj\u0105c jej elastyczno\u015b\u0107, j\u0119drno\u015b\u0107 i g\u0142adko\u015b\u0107. To bezinwazyjna metoda liftingu, kt\u00f3ra stymuluje [&hellip;]<\/p>\n","protected":false},"featured_media":456,"comment_status":"open","ping_status":"closed","template":"","meta":{"_et_pb_use_builder":"","_et_pb_old_content":"","_et_gb_content_width":""},"product_brand":[],"product_cat":[23],"product_tag":[48,49,38,36,43,41,50],"class_list":{"0":"post-947","1":"product","2":"type-product","3":"status-publish","4":"has-post-thumbnail","6":"product_cat-zabiegi-na-twarz","7":"product_tag-lifting","8":"product_tag-poprawa-jedrnosci-skory","9":"product_tag-redukcja-zmarszczek","10":"product_tag-rozswietlenie-skory","11":"product_tag-ujedrniajacy","12":"product_tag-wygladzajacy","13":"product_tag-zmniejszenie-porow","15":"first","16":"instock","17":"shipping-taxable","18":"purchasable","19":"product-type-simple"},"_links":{"self":[{"href":"https:\/\/laser-med.com.pl\/index.php\/wp-json\/wp\/v2\/product\/947","targetHints":{"allow":["GET"]}}],"collection":[{"href":"https:\/\/laser-med.com.pl\/index.php\/wp-json\/wp\/v2\/product"}],"about":[{"href":"https:\/\/laser-med.com.pl\/index.php\/wp-json\/wp\/v2\/types\/product"}],"replies":[{"embeddable":true,"href":"https:\/\/laser-med.com.pl\/index.php\/wp-json\/wp\/v2\/comments?post=947"}],"wp:featuredmedia":[{"embeddable":true,"href":"https:\/\/laser-med.com.pl\/index.php\/wp-json\/wp\/v2\/media\/456"}],"wp:attachment":[{"href":"https:\/\/laser-med.com.pl\/index.php\/wp-json\/wp\/v2\/media?parent=947"}],"wp:term":[{"taxonomy":"product_brand","embeddable":true,"href":"https:\/\/laser-med.com.pl\/index.php\/wp-json\/wp\/v2\/product_brand?post=947"},{"taxonomy":"product_cat","embeddable":true,"href":"https:\/\/laser-med.com.pl\/index.php\/wp-json\/wp\/v2\/product_cat?post=947"},{"taxonomy":"product_tag","embeddable":true,"href":"https:\/\/laser-med.com.pl\/index.php\/wp-json\/wp\/v2\/product_tag?post=947"}],"curies":[{"name":"wp","href":"https:\/\/api.w.org\/{rel}","templated":true}]}}