{"id":949,"date":"2025-04-26T20:38:12","date_gmt":"2025-04-26T18:38:12","guid":{"rendered":"https:\/\/laser-med.com.pl\/?post_type=product&#038;p=949"},"modified":"2025-04-26T20:38:12","modified_gmt":"2025-04-26T18:38:12","slug":"zabieg-diamond-utsukusy","status":"publish","type":"product","link":"https:\/\/laser-med.com.pl\/index.php\/produkt\/zabieg-diamond-utsukusy\/","title":{"rendered":"Zabieg Diamond Utsukusy"},"content":{"rendered":"<h4 class=\"et_pb_module_header\">Efekty zabiegu diamond<\/h4>\n<div class=\"et_pb_blurb_description\">\n<ul>\n<li aria-level=\"1\">Widoczna redukcja zmarszczek.<\/li>\n<li>Natychmiastowy efekt liftingu i wyg\u0142adzenia.<\/li>\n<li aria-level=\"1\">Poprawa elastyczno\u015bci i j\u0119drno\u015bci sk\u00f3ry.<\/li>\n<li aria-level=\"1\">Roz\u015bwietlenie i wyr\u00f3wnanie kolorytu cery.<\/li>\n<li aria-level=\"1\">G\u0142\u0119bokie nawil\u017cenie i regeneracja.<\/li>\n<li aria-level=\"1\">Ochrona przed stresem oksydacyjnym i czynnikami zewn\u0119trznymi.<\/li>\n<\/ul>\n<h4 class=\"et_pb_module_header\">Zabieg diamond marki utsukusy,<br \/>\n<span style=\"color: #666666; font-size: 14px;\">to luksusowy zabieg piel\u0119gnacyjny, kt\u00f3ry \u0142\u0105czy w sobie wyj\u0105tkowe w\u0142a\u015bciwo\u015bci py\u0142u diamentowego z zaawansowanymi technologiami kosmetologicznymi. To kompleksowa terapia anti-aging, kt\u00f3ra dzia\u0142a na poziomie genetycznym, wyciszaj\u0105c ekspresj\u0119 gen\u00f3w prostarzeniowych i aktywuj\u0105c geny d\u0142ugowieczno\u015bci. Zabieg stworzony przez renomowan\u0105 mark\u0119 Utsukusy jest dedykowany osobom, kt\u00f3re pragn\u0105 widocznego odm\u0142odzenia, roz\u015bwietlenia i regeneracji sk\u00f3ry.<\/span><\/h4>\n<div class=\"et_pb_blurb_description\">\n<p><a href=\"https:\/\/laser-med.com.pl\/index.php\/diamond_utsukusy\/\">Wi\u0119cej o zabiegu<\/a><\/p>\n<\/div>\n<\/div>\n","protected":false},"excerpt":{"rendered":"<p>Efekty zabiegu diamond Widoczna redukcja zmarszczek. Natychmiastowy efekt liftingu i wyg\u0142adzenia. Poprawa elastyczno\u015bci i j\u0119drno\u015bci sk\u00f3ry. Roz\u015bwietlenie i wyr\u00f3wnanie kolorytu cery. G\u0142\u0119bokie nawil\u017cenie i regeneracja. Ochrona przed stresem oksydacyjnym i czynnikami zewn\u0119trznymi. Zabieg diamond marki utsukusy, to luksusowy zabieg piel\u0119gnacyjny, kt\u00f3ry \u0142\u0105czy w sobie wyj\u0105tkowe w\u0142a\u015bciwo\u015bci py\u0142u diamentowego z zaawansowanymi technologiami kosmetologicznymi. To kompleksowa terapia [&hellip;]<\/p>\n","protected":false},"featured_media":618,"comment_status":"open","ping_status":"closed","template":"","meta":{"_et_pb_use_builder":"","_et_pb_old_content":"","_et_gb_content_width":""},"product_brand":[],"product_cat":[23],"product_tag":[48,33,34,49,38,36,41],"class_list":{"0":"post-949","1":"product","2":"type-product","3":"status-publish","4":"has-post-thumbnail","6":"product_cat-zabiegi-na-twarz","7":"product_tag-lifting","8":"product_tag-nawilzenie","9":"product_tag-pielegnacja-skory","10":"product_tag-poprawa-jedrnosci-skory","11":"product_tag-redukcja-zmarszczek","12":"product_tag-rozswietlenie-skory","13":"product_tag-wygladzajacy","15":"first","16":"instock","17":"shipping-taxable","18":"purchasable","19":"product-type-simple"},"_links":{"self":[{"href":"https:\/\/laser-med.com.pl\/index.php\/wp-json\/wp\/v2\/product\/949","targetHints":{"allow":["GET"]}}],"collection":[{"href":"https:\/\/laser-med.com.pl\/index.php\/wp-json\/wp\/v2\/product"}],"about":[{"href":"https:\/\/laser-med.com.pl\/index.php\/wp-json\/wp\/v2\/types\/product"}],"replies":[{"embeddable":true,"href":"https:\/\/laser-med.com.pl\/index.php\/wp-json\/wp\/v2\/comments?post=949"}],"wp:featuredmedia":[{"embeddable":true,"href":"https:\/\/laser-med.com.pl\/index.php\/wp-json\/wp\/v2\/media\/618"}],"wp:attachment":[{"href":"https:\/\/laser-med.com.pl\/index.php\/wp-json\/wp\/v2\/media?parent=949"}],"wp:term":[{"taxonomy":"product_brand","embeddable":true,"href":"https:\/\/laser-med.com.pl\/index.php\/wp-json\/wp\/v2\/product_brand?post=949"},{"taxonomy":"product_cat","embeddable":true,"href":"https:\/\/laser-med.com.pl\/index.php\/wp-json\/wp\/v2\/product_cat?post=949"},{"taxonomy":"product_tag","embeddable":true,"href":"https:\/\/laser-med.com.pl\/index.php\/wp-json\/wp\/v2\/product_tag?post=949"}],"curies":[{"name":"wp","href":"https:\/\/api.w.org\/{rel}","templated":true}]}}