{"id":950,"date":"2025-04-26T20:49:28","date_gmt":"2025-04-26T18:49:28","guid":{"rendered":"https:\/\/laser-med.com.pl\/?post_type=product&#038;p=950"},"modified":"2025-04-26T21:40:45","modified_gmt":"2025-04-26T19:40:45","slug":"oczyszczanie-wodorowe","status":"publish","type":"product","link":"https:\/\/laser-med.com.pl\/index.php\/produkt\/oczyszczanie-wodorowe\/","title":{"rendered":"oczyszczanie wodorowe"},"content":{"rendered":"<h4 class=\"et_pb_module_header\">Efekty zabiegu oxybrazji<\/h4>\n<div class=\"et_pb_blurb_description\">\n<ul>\n<li aria-level=\"1\">G\u0142\u0119bokie oczyszczenie sk\u00f3ry z toksyn i zanieczyszcze\u0144.<\/li>\n<li aria-level=\"1\">Zmniejszenie widoczno\u015bci por\u00f3w.<\/li>\n<li aria-level=\"1\">Poprawa nawil\u017cenia i elastyczno\u015bci sk\u00f3ry.<\/li>\n<li aria-level=\"1\">Neutralizacja wolnych rodnik\u00f3w, spowalniaj\u0105ca procesy starzenia.<\/li>\n<li aria-level=\"1\">Wyg\u0142adzenie i roz\u015bwietlenie sk\u00f3ry.<\/li>\n<li aria-level=\"1\">Redukcja drobnych zmarszczek i nier\u00f3wno\u015bci<\/li>\n<\/ul>\n<h4 class=\"et_pb_module_header\">Oczyszczanie wodorowe,<br \/>\n<span style=\"color: #666666; font-size: 14px;\">to bezpieczny zabieg piel\u0119gnacyjny, kt\u00f3ry g\u0142\u0119boko oczyszcza, nawil\u017ca i odm\u0142adza sk\u00f3r\u0119, wykorzystuj\u0105c dzia\u0142anie aktywnego wodoru. Polega na\u00a0<\/span><span class=\"x193iq5w xeuugli x13faqbe x1vvkbs x1xmvt09 x1lliihq x1s928wv xhkezso x1gmr53x x1cpjm7i x1fgarty x1943h6x xudqn12 x3x7a5m x6prxxf xvq8zen xo1l8bm xzsf02u x1yc453h\" dir=\"auto\" style=\"color: #666666; font-size: 14px;\">wprowadzaniu wg\u0142\u0105b sk\u00f3ry mikroskopijnych cz\u0105steczek aktywnego wodoru.\u00a0<\/span><span style=\"color: #666666; font-size: 14px;\">To zaawansowana technologia, kt\u00f3ra neutralizuje wolne rodniki odpowiedzialne za procesy starzenia, przywracaj\u0105c sk\u00f3rze zdrowy blask i elastyczno\u015b\u0107.<\/span><\/h4>\n<p><a href=\"https:\/\/laser-med.com.pl\/index.php\/oczyszczanie-wodorowe\/\">Wiecej o zabiegu<\/a><\/p>\n<\/div>\n","protected":false},"excerpt":{"rendered":"<p>Efekty zabiegu oxybrazji G\u0142\u0119bokie oczyszczenie sk\u00f3ry z toksyn i zanieczyszcze\u0144. Zmniejszenie widoczno\u015bci por\u00f3w. Poprawa nawil\u017cenia i elastyczno\u015bci sk\u00f3ry. Neutralizacja wolnych rodnik\u00f3w, spowalniaj\u0105ca procesy starzenia. Wyg\u0142adzenie i roz\u015bwietlenie sk\u00f3ry. Redukcja drobnych zmarszczek i nier\u00f3wno\u015bci Oczyszczanie wodorowe, to bezpieczny zabieg piel\u0119gnacyjny, kt\u00f3ry g\u0142\u0119boko oczyszcza, nawil\u017ca i odm\u0142adza sk\u00f3r\u0119, wykorzystuj\u0105c dzia\u0142anie aktywnego wodoru. Polega na\u00a0wprowadzaniu wg\u0142\u0105b sk\u00f3ry mikroskopijnych [&hellip;]<\/p>\n","protected":false},"featured_media":461,"comment_status":"open","ping_status":"closed","template":"","meta":{"_et_pb_use_builder":"","_et_pb_old_content":"","_et_gb_content_width":""},"product_brand":[],"product_cat":[23],"product_tag":[33,32,34,36,37,35],"class_list":{"0":"post-950","1":"product","2":"type-product","3":"status-publish","4":"has-post-thumbnail","6":"product_cat-zabiegi-na-twarz","7":"product_tag-nawilzenie","8":"product_tag-oczyszczenie-skory","9":"product_tag-pielegnacja-skory","10":"product_tag-rozswietlenie-skory","11":"product_tag-twarz","12":"product_tag-wygladzenie","14":"first","15":"instock","16":"shipping-taxable","17":"purchasable","18":"product-type-variable"},"_links":{"self":[{"href":"https:\/\/laser-med.com.pl\/index.php\/wp-json\/wp\/v2\/product\/950","targetHints":{"allow":["GET"]}}],"collection":[{"href":"https:\/\/laser-med.com.pl\/index.php\/wp-json\/wp\/v2\/product"}],"about":[{"href":"https:\/\/laser-med.com.pl\/index.php\/wp-json\/wp\/v2\/types\/product"}],"replies":[{"embeddable":true,"href":"https:\/\/laser-med.com.pl\/index.php\/wp-json\/wp\/v2\/comments?post=950"}],"wp:featuredmedia":[{"embeddable":true,"href":"https:\/\/laser-med.com.pl\/index.php\/wp-json\/wp\/v2\/media\/461"}],"wp:attachment":[{"href":"https:\/\/laser-med.com.pl\/index.php\/wp-json\/wp\/v2\/media?parent=950"}],"wp:term":[{"taxonomy":"product_brand","embeddable":true,"href":"https:\/\/laser-med.com.pl\/index.php\/wp-json\/wp\/v2\/product_brand?post=950"},{"taxonomy":"product_cat","embeddable":true,"href":"https:\/\/laser-med.com.pl\/index.php\/wp-json\/wp\/v2\/product_cat?post=950"},{"taxonomy":"product_tag","embeddable":true,"href":"https:\/\/laser-med.com.pl\/index.php\/wp-json\/wp\/v2\/product_tag?post=950"}],"curies":[{"name":"wp","href":"https:\/\/api.w.org\/{rel}","templated":true}]}}