{"id":954,"date":"2025-04-26T21:07:54","date_gmt":"2025-04-26T19:07:54","guid":{"rendered":"https:\/\/laser-med.com.pl\/?post_type=product&#038;p=954"},"modified":"2026-04-25T03:00:13","modified_gmt":"2026-04-25T01:00:13","slug":"resurfacing-twarzy","status":"publish","type":"product","link":"https:\/\/laser-med.com.pl\/index.php\/produkt\/resurfacing-twarzy\/","title":{"rendered":"RESURFACING TWARZY (laserowe odm\u0142adzanie)"},"content":{"rendered":"<h4 class=\"et_pb_module_header\">Efekty zabiegu Resurfacing<\/h4>\n<div class=\"et_pb_blurb_description\">\n<p>Efekty resurfacingu twarzy widoczne s\u0105 ju\u017c po pierwszym zabiegu, a pe\u0142ne rezultaty pojawiaj\u0105 si\u0119 w ci\u0105gu kilku tygodni:<\/p>\n<ul>\n<li>Redukcja zmarszczek i linii mimicznych.<\/li>\n<li>Widoczne wyg\u0142adzenie sk\u00f3ry i poprawa jej tekstury.<\/li>\n<li>Redukcja blizn potr\u0105dzikowych i przebarwie\u0144.<\/li>\n<li>Zwi\u0119kszona j\u0119drno\u015b\u0107 i elastyczno\u015b\u0107 sk\u00f3ry.<\/li>\n<li>Rozja\u015bnienie sk\u00f3ry i zdrowy, m\u0142odzie\u0144czy blask.<\/li>\n<li>Zw\u0119\u017cenie por\u00f3w i poprawa og\u00f3lnego wygl\u0105du sk\u00f3ry.<\/li>\n<\/ul>\n<p>Resurfacing twarzy, czyli laserowe odm\u0142adzanie sk\u00f3ry, to nowoczesny i zaawansowany technologicznie zabieg, kt\u00f3ry pozwala na skuteczn\u0105 regeneracj\u0119 sk\u00f3ry twarzy. Dzi\u0119ki precyzyjnemu dzia\u0142aniu lasera, resurfacing stymuluje produkcj\u0119 kolagenu, redukuje zmarszczki, przebarwienia i blizny oraz poprawia tekstur\u0119 i elastyczno\u015b\u0107 sk\u00f3ry. Zabieg jest idealnym rozwi\u0105zaniem dla os\u00f3b, kt\u00f3re pragn\u0105 przywr\u00f3ci\u0107 sk\u00f3rze m\u0142ody, \u015bwie\u017cy wygl\u0105d bez konieczno\u015bci interwencji chirurgicznej.<\/p>\n<p><a href=\"https:\/\/laser-med.com.pl\/index.php\/laserowe-odmladzanie-twarzy-resurfacing-twarzy\/\">Wi\u0119cej o zabiegu<\/a><\/p>\n<\/div>\n","protected":false},"excerpt":{"rendered":"<p>Efekty zabiegu Resurfacing Efekty resurfacingu twarzy widoczne s\u0105 ju\u017c po pierwszym zabiegu, a pe\u0142ne rezultaty pojawiaj\u0105 si\u0119 w ci\u0105gu kilku tygodni: Redukcja zmarszczek i linii mimicznych. Widoczne wyg\u0142adzenie sk\u00f3ry i poprawa jej tekstury. Redukcja blizn potr\u0105dzikowych i przebarwie\u0144. Zwi\u0119kszona j\u0119drno\u015b\u0107 i elastyczno\u015b\u0107 sk\u00f3ry. Rozja\u015bnienie sk\u00f3ry i zdrowy, m\u0142odzie\u0144czy blask. Zw\u0119\u017cenie por\u00f3w i poprawa og\u00f3lnego wygl\u0105du [&hellip;]<\/p>\n","protected":false},"featured_media":1745,"comment_status":"open","ping_status":"closed","template":"","meta":{"_et_pb_use_builder":"","_et_pb_old_content":"","_et_gb_content_width":""},"product_brand":[],"product_cat":[27,23],"product_tag":[48,51,53,49,52,38,35,45,50],"class_list":{"0":"post-954","1":"product","2":"type-product","3":"status-publish","4":"has-post-thumbnail","6":"product_cat-zabiegi-laserowe","7":"product_cat-zabiegi-na-twarz","8":"product_tag-lifting","9":"product_tag-odmlodzenie","10":"product_tag-poprawa-elastycznosci-skory","11":"product_tag-poprawa-jedrnosci-skory","12":"product_tag-redukcja-blizn","13":"product_tag-redukcja-zmarszczek","14":"product_tag-wygladzenie","15":"product_tag-zageszczenie-skory","16":"product_tag-zmniejszenie-porow","18":"first","19":"instock","20":"shipping-taxable","21":"purchasable","22":"product-type-variable"},"_links":{"self":[{"href":"https:\/\/laser-med.com.pl\/index.php\/wp-json\/wp\/v2\/product\/954","targetHints":{"allow":["GET"]}}],"collection":[{"href":"https:\/\/laser-med.com.pl\/index.php\/wp-json\/wp\/v2\/product"}],"about":[{"href":"https:\/\/laser-med.com.pl\/index.php\/wp-json\/wp\/v2\/types\/product"}],"replies":[{"embeddable":true,"href":"https:\/\/laser-med.com.pl\/index.php\/wp-json\/wp\/v2\/comments?post=954"}],"wp:featuredmedia":[{"embeddable":true,"href":"https:\/\/laser-med.com.pl\/index.php\/wp-json\/wp\/v2\/media\/1745"}],"wp:attachment":[{"href":"https:\/\/laser-med.com.pl\/index.php\/wp-json\/wp\/v2\/media?parent=954"}],"wp:term":[{"taxonomy":"product_brand","embeddable":true,"href":"https:\/\/laser-med.com.pl\/index.php\/wp-json\/wp\/v2\/product_brand?post=954"},{"taxonomy":"product_cat","embeddable":true,"href":"https:\/\/laser-med.com.pl\/index.php\/wp-json\/wp\/v2\/product_cat?post=954"},{"taxonomy":"product_tag","embeddable":true,"href":"https:\/\/laser-med.com.pl\/index.php\/wp-json\/wp\/v2\/product_tag?post=954"}],"curies":[{"name":"wp","href":"https:\/\/api.w.org\/{rel}","templated":true}]}}