{"id":970,"date":"2025-04-26T21:57:38","date_gmt":"2025-04-26T19:57:38","guid":{"rendered":"https:\/\/laser-med.com.pl\/?post_type=product&#038;p=970"},"modified":"2025-11-24T01:04:31","modified_gmt":"2025-11-24T00:04:31","slug":"fala-radiowa-na-twarz","status":"publish","type":"product","link":"https:\/\/laser-med.com.pl\/index.php\/produkt\/fala-radiowa-na-twarz\/","title":{"rendered":"Fala radiowa na twarz"},"content":{"rendered":"<h4 class=\"et_pb_module_header\">Efekty zabiegu Fali radiowej na twarz<\/h4>\n<div class=\"et_pb_blurb_description\">\n<ul>\n<li aria-level=\"1\">Widoczna poprawa j\u0119drno\u015bci i elastyczno\u015bci sk\u00f3ry,<\/li>\n<li aria-level=\"1\">Redukcja zmarszczek i linii mimicznych,<\/li>\n<li aria-level=\"1\">Uniesienie owalu twarzy,<\/li>\n<li aria-level=\"1\">Wyg\u0142adzenie sk\u00f3ry i zmniejszenie por\u00f3w,<\/li>\n<li aria-level=\"1\">Redukcja work\u00f3w pod oczami,<\/li>\n<li aria-level=\"1\">Lifting szyi i dekoltu, redukcja wiotko\u015bci sk\u00f3ry.<\/li>\n<\/ul>\n<h4 class=\"et_pb_module_header\">Fala radiowa (RF),<br \/>\n<span style=\"color: #666666; font-size: 14px;\">to jeden z najbardziej zaawansowanych i skutecznych zabieg\u00f3w anti-aging, kt\u00f3ry oferujemy w Laser-Med. Zabieg ten polega na bezpiecznym, bezinwazyjnym uj\u0119drnieniu sk\u00f3ry, redukcji zmarszczek oraz poprawie owalu twarzy. Dzi\u0119ki stymulacji g\u0142\u0119bokich warstw sk\u00f3ry, fale radiowe wspieraj\u0105 naturalne procesy regeneracji, co sprawia, \u017ce sk\u00f3ra staje si\u0119 bardziej j\u0119drna, spr\u0119\u017cysta i odm\u0142odzona<\/span><\/h4>\n<p><a href=\"https:\/\/laser-med.com.pl\/index.php\/fala-radiowa-twarz\/\">Wi\u0119cej o zabiegu<\/a><\/p>\n<\/div>\n","protected":false},"excerpt":{"rendered":"<p>Efekty zabiegu Fali radiowej na twarz Widoczna poprawa j\u0119drno\u015bci i elastyczno\u015bci sk\u00f3ry, Redukcja zmarszczek i linii mimicznych, Uniesienie owalu twarzy, Wyg\u0142adzenie sk\u00f3ry i zmniejszenie por\u00f3w, Redukcja work\u00f3w pod oczami, Lifting szyi i dekoltu, redukcja wiotko\u015bci sk\u00f3ry. Fala radiowa (RF), to jeden z najbardziej zaawansowanych i skutecznych zabieg\u00f3w anti-aging, kt\u00f3ry oferujemy w Laser-Med. Zabieg ten polega [&hellip;]<\/p>\n","protected":false},"featured_media":1673,"comment_status":"open","ping_status":"closed","template":"","meta":{"_et_pb_use_builder":"","_et_pb_old_content":"","_et_gb_content_width":""},"product_brand":[47],"product_cat":[23],"product_tag":[48,51,34,53,49,38,36,35,45,50],"class_list":{"0":"post-970","1":"product","2":"type-product","3":"status-publish","4":"has-post-thumbnail","6":"product_brand-venus-concept","7":"product_cat-zabiegi-na-twarz","8":"product_tag-lifting","9":"product_tag-odmlodzenie","10":"product_tag-pielegnacja-skory","11":"product_tag-poprawa-elastycznosci-skory","12":"product_tag-poprawa-jedrnosci-skory","13":"product_tag-redukcja-zmarszczek","14":"product_tag-rozswietlenie-skory","15":"product_tag-wygladzenie","16":"product_tag-zageszczenie-skory","17":"product_tag-zmniejszenie-porow","19":"first","20":"instock","21":"shipping-taxable","22":"purchasable","23":"product-type-variable"},"_links":{"self":[{"href":"https:\/\/laser-med.com.pl\/index.php\/wp-json\/wp\/v2\/product\/970","targetHints":{"allow":["GET"]}}],"collection":[{"href":"https:\/\/laser-med.com.pl\/index.php\/wp-json\/wp\/v2\/product"}],"about":[{"href":"https:\/\/laser-med.com.pl\/index.php\/wp-json\/wp\/v2\/types\/product"}],"replies":[{"embeddable":true,"href":"https:\/\/laser-med.com.pl\/index.php\/wp-json\/wp\/v2\/comments?post=970"}],"wp:featuredmedia":[{"embeddable":true,"href":"https:\/\/laser-med.com.pl\/index.php\/wp-json\/wp\/v2\/media\/1673"}],"wp:attachment":[{"href":"https:\/\/laser-med.com.pl\/index.php\/wp-json\/wp\/v2\/media?parent=970"}],"wp:term":[{"taxonomy":"product_brand","embeddable":true,"href":"https:\/\/laser-med.com.pl\/index.php\/wp-json\/wp\/v2\/product_brand?post=970"},{"taxonomy":"product_cat","embeddable":true,"href":"https:\/\/laser-med.com.pl\/index.php\/wp-json\/wp\/v2\/product_cat?post=970"},{"taxonomy":"product_tag","embeddable":true,"href":"https:\/\/laser-med.com.pl\/index.php\/wp-json\/wp\/v2\/product_tag?post=970"}],"curies":[{"name":"wp","href":"https:\/\/api.w.org\/{rel}","templated":true}]}}