{"id":985,"date":"2025-04-26T22:16:21","date_gmt":"2025-04-26T20:16:21","guid":{"rendered":"https:\/\/laser-med.com.pl\/?post_type=product&#038;p=985"},"modified":"2025-11-24T01:04:07","modified_gmt":"2025-11-24T00:04:07","slug":"zamykanie-naczynek","status":"publish","type":"product","link":"https:\/\/laser-med.com.pl\/index.php\/produkt\/zamykanie-naczynek\/","title":{"rendered":"Zamykanie naczynek"},"content":{"rendered":"<h4 class=\"et_pb_module_header\">Efekty zabiegu zamykania naczynek<\/h4>\n<div class=\"et_pb_blurb_description\">\n<ul>\n<li aria-level=\"1\">Zmniejszenie widoczno\u015bci rozszerzonych naczynek.<\/li>\n<li aria-level=\"1\">Redukcja rumienia i paj\u0105czk\u00f3w naczyniowych.<\/li>\n<li aria-level=\"1\">Poprawa kolorytu sk\u00f3ry i jej struktury.<\/li>\n<li aria-level=\"1\">Redukcja widoczno\u015bci naczyniak\u00f3w.<\/li>\n<li aria-level=\"1\">Sk\u00f3ra staje si\u0119 r\u00f3wnomierna i g\u0142adka.<\/li>\n<li aria-level=\"1\">Efekty widoczne ju\u017c po pierwszym zabiegu, cho\u0107 pe\u0142ne rezultaty mog\u0105 wymaga\u0107 serii.<\/li>\n<\/ul>\n<h4 class=\"et_pb_module_header\">Laserowe zamykanie naczynek,<br \/>\n<span style=\"color: #666666; font-size: 14px;\">to skuteczna i precyzyjna metoda usuwania rozszerzonych naczynek krwiono\u015bnych z twarzy oraz cia\u0142a. Zabieg dzia\u0142a poprzez selektywne poch\u0142anianie energii lasera przez hemoglobin\u0119 znajduj\u0105c\u0105 si\u0119 w naczyniach krwiono\u015bnych. Energia \u015bwiat\u0142a zamienia si\u0119 w ciep\u0142o, kt\u00f3re prowadzi do koagulacji i zamkni\u0119cia naczynka. Po zamkni\u0119ciu naczynko jest naturalnie usuwane przez organizm. To bezpieczna, bezinwazyjna technika, kt\u00f3ra przywraca sk\u00f3rze zdrowy i r\u00f3wnomierny wygl\u0105d.\u00a0<\/span><\/h4>\n<p><a href=\"https:\/\/laser-med.com.pl\/index.php\/laserowe-zamykanie-naczynek\/\">Wi\u0119cej o zabiegu<\/a><\/p>\n<\/div>\n","protected":false},"excerpt":{"rendered":"<p>VarLite XP \u2013 LASER DIODOWY 532\/940 mn<\/p>\n","protected":false},"featured_media":1671,"comment_status":"open","ping_status":"closed","template":"","meta":{"_et_pb_use_builder":"","_et_pb_old_content":"","_et_gb_content_width":""},"product_brand":[],"product_cat":[27,23],"product_tag":[54,55],"class_list":{"0":"post-985","1":"product","2":"type-product","3":"status-publish","4":"has-post-thumbnail","6":"product_cat-zabiegi-laserowe","7":"product_cat-zabiegi-na-twarz","8":"product_tag-redukacja-naczynek","9":"product_tag-redukcja-pajaczkow","11":"first","12":"instock","13":"shipping-taxable","14":"purchasable","15":"product-type-variable"},"_links":{"self":[{"href":"https:\/\/laser-med.com.pl\/index.php\/wp-json\/wp\/v2\/product\/985","targetHints":{"allow":["GET"]}}],"collection":[{"href":"https:\/\/laser-med.com.pl\/index.php\/wp-json\/wp\/v2\/product"}],"about":[{"href":"https:\/\/laser-med.com.pl\/index.php\/wp-json\/wp\/v2\/types\/product"}],"replies":[{"embeddable":true,"href":"https:\/\/laser-med.com.pl\/index.php\/wp-json\/wp\/v2\/comments?post=985"}],"wp:featuredmedia":[{"embeddable":true,"href":"https:\/\/laser-med.com.pl\/index.php\/wp-json\/wp\/v2\/media\/1671"}],"wp:attachment":[{"href":"https:\/\/laser-med.com.pl\/index.php\/wp-json\/wp\/v2\/media?parent=985"}],"wp:term":[{"taxonomy":"product_brand","embeddable":true,"href":"https:\/\/laser-med.com.pl\/index.php\/wp-json\/wp\/v2\/product_brand?post=985"},{"taxonomy":"product_cat","embeddable":true,"href":"https:\/\/laser-med.com.pl\/index.php\/wp-json\/wp\/v2\/product_cat?post=985"},{"taxonomy":"product_tag","embeddable":true,"href":"https:\/\/laser-med.com.pl\/index.php\/wp-json\/wp\/v2\/product_tag?post=985"}],"curies":[{"name":"wp","href":"https:\/\/api.w.org\/{rel}","templated":true}]}}